{"id":89,"date":"2020-07-15T18:36:26","date_gmt":"2020-07-15T16:36:26","guid":{"rendered":"https:\/\/urp.ctcaib.es\/?page_id=89"},"modified":"2020-09-07T07:57:15","modified_gmt":"2020-09-07T05:57:15","slug":"historico-urp","status":"publish","type":"page","link":"https:\/\/urp.ctcaib.es\/en\/historico-urp\/","title":{"rendered":"Hazte socio"},"content":{"rendered":"<h3 class=\"wp-block-heading\">Cumplimenta la <strong>solicitud de ingreso<\/strong>, y la puedes enviar por correo electr\u00f3nico a <a href=\"mailto:ea6urp@gmail.com\">ea6urp@gmail.com<\/a> .<\/h3>\n\n\n\n<p>Se recomienda que contactes previamente con la&nbsp;Secci\u00f3n de URE Palma\u00ad al objeto de darte a conocer y ver c\u00f3mo funciona nuestra Asociaci\u00f3n y, paralelamente, para recabar el visto bueno a tu ingreso por parte del presidente de la Secci\u00f3n.<\/p>\n\n\n\n<p>Las altas se producen el d\u00eda 1 de cada mes. Si tu solicitud viene con el visto bueno de tu Secci\u00f3n, ser\u00edas dado de alta el d\u00eda 1 del mes siguiente al de su recepci\u00f3n. En caso contrario, el alta podr\u00eda demorarse, dado que la Secretar\u00eda de la URE tendr\u00eda que recabar previamente la conformidad del presidente de la Secci\u00f3n respectiva.<\/p>\n\n\n\n<p>Si ya dispones de indicativo, has de solicitar ser socio numerario, cuya cuota se compone de dos partes: cuota b\u00e1sica (81,93 euros a\u00f1o 2020) y cuota complementaria, que fijan las Secciones seg\u00fan sus necesidades (de promedio, 15 euros). El socio numerario tiene derecho a todos los&nbsp;<a href=\"https:\/\/www.ure.es\/servicios-generales\/\"><strong>servicios generales de la URE<\/strong><\/a>.<\/p>\n\n\n\n<p>Si tienes indicativo y adem\u00e1s convives con otro socio de la URE en el mismo domicilio, puedes solicitar ser <strong>socio familiar<\/strong>, con los mismos derechos que los numerarios salvo la revista, dado que ya la recibe el otro socio de la familia. La cuota de socio familiar es la mitad que la de numerario.<\/p>\n\n\n\n<p>Si tienes <strong>menos de 25 a\u00f1os<\/strong>, podr\u00e1s disfrutar de una <strong>reducci\u00f3n del 50%<\/strong> de la cuota, esta reducci\u00f3n se aplica exclusivamente si eres socio numerario.<\/p>\n\n\n\n<p>Si no dispones de indicativo, puedes hacerte socio simpatizante por una cuota anual de 9,12 euros (a\u00f1o 2020), pero no tendr\u00e1s derecho a los servicios b\u00e1sicos de la URE. Si quieres tener acceso a ellos, como la revista por ejemplo, has de ser socio numerario y pagar la cuota m\u00e1xima aunque no dispongas de indicativo.<\/p>\n\n\n\n<p>Si tienes pensado examinarte y necesitas el libro de examen, puedes acogerte a la&nbsp;<a href=\"https:\/\/www.ure.es\/campana-promocion-nuevos-socios\/\">campa\u00f1a de promoci\u00f3n de nuevos socios<\/a>, en la que ofrecemos un a\u00f1o de suscripci\u00f3n a la descarga de la revista en PDF, acceso al \u00e1rea de socios de la web y el libro de examen, por el m\u00f3dico precio de 35 euros.<br>En el caso de no tener a\u00fan indicativo, se puede ampliar a un segundo a\u00f1o como socio dentro de la campa\u00f1a de promoci\u00f3n, en este caso el precio ser\u00eda de 35 \u20ac con los mismos servicios que el primer a\u00f1o, excepto el libro de examen.<br>Si tienes <strong>menos de 18 a\u00f1os<\/strong>, puedes acceder a ser socio dentro de la <a href=\"https:\/\/www.ure.es\/campana-promocion-nuevos-socios\/\">campa\u00f1a de promoci\u00f3n de nuevos socios<\/a> de forma <strong>gratuita<\/strong>.<\/p>\n\n\n\n<p>Pasado el periodo como socio de captaci\u00f3n, se puede pasar a la categor\u00eda de socio numerario disfrutando del 25% de reducci\u00f3n en la cuota b\u00e1sica durante el primer a\u00f1o.<\/p>\n\n\n\n<p>Los pagos de las cuotas se realizan normalmente por banco. El importe del primer recibo de la cuota que pasamos a los nuevos socios es la parte proporcional de los meses que restan hasta finalizar el a\u00f1o.<img loading=\"lazy\" decoding=\"async\" src=\"https:\/\/www.ure.es\/wp-content\/uploads\/2018\/02\/ure-v2.png\" alt=\"Uni\u00f3n de Radioaficionados Espa\u00f1oles - URE\" width=\"613\" height=\"150\"><\/p>\n\n\n\n<div class=\"wp-block-file\"><a href=\"https:\/\/urp.ctcaib.es\/wp-content\/uploads\/sites\/2\/2020\/09\/solicitud_ingreso.pdf\">Solicitud_ingreso<\/a><a href=\"https:\/\/urp.ctcaib.es\/wp-content\/uploads\/sites\/2\/2020\/09\/solicitud_ingreso.pdf\" class=\"wp-block-file__button\" download>Descarga<\/a><\/div>\n\n\n\n<p><\/p>","protected":false},"excerpt":{"rendered":"<p>Cumplimenta la solicitud de ingreso, y la puedes enviar por correo electr\u00f3nico a ea6urp@gmail.com . Se recomienda que contactes previamente con la&nbsp;Secci\u00f3n de URE Palma\u00ad al objeto de darte a conocer y ver c\u00f3mo funciona nuestra Asociaci\u00f3n y, paralelamente, para <a class=\"more-link\" href=\"https:\/\/urp.ctcaib.es\/en\/historico-urp\/\">Continue reading <span class=\"screen-reader-text\">  Hazte socio<\/span><span class=\"meta-nav\">&rarr;<\/span><\/a><\/p>","protected":false},"author":1,"featured_media":0,"parent":0,"menu_order":0,"comment_status":"closed","ping_status":"closed","template":"","meta":{"footnotes":""},"class_list":["post-89","page","type-page","status-publish","hentry"],"yoast_head":"<!-- This site is optimized with the Yoast SEO plugin v23.4 - https:\/\/yoast.com\/wordpress\/plugins\/seo\/ -->\n<title>Hazte socio - Uni\u00f3n Radioaficionados de Palma<\/title>\n<meta name=\"description\" content=\"ure palma\" \/>\n<meta name=\"robots\" content=\"index, follow, max-snippet:-1, max-image-preview:large, max-video-preview:-1\" \/>\n<link rel=\"canonical\" href=\"https:\/\/urp.ctcaib.es\/en\/historico-urp\/\" \/>\n<meta property=\"og:locale\" content=\"en_GB\" \/>\n<meta property=\"og:type\" content=\"article\" \/>\n<meta property=\"og:title\" content=\"Hazte socio - Uni\u00f3n Radioaficionados de Palma\" \/>\n<meta property=\"og:description\" content=\"ure palma\" \/>\n<meta property=\"og:url\" content=\"https:\/\/urp.ctcaib.es\/en\/historico-urp\/\" \/>\n<meta property=\"og:site_name\" content=\"Uni\u00f3n Radioaficionados de Palma\" \/>\n<meta property=\"article:publisher\" content=\"https:\/\/www.facebook.com\/UrePalma\/\" \/>\n<meta property=\"article:modified_time\" content=\"2020-09-07T05:57:15+00:00\" \/>\n<meta property=\"og:image\" content=\"https:\/\/www.ure.es\/wp-content\/uploads\/2018\/02\/ure-v2.png\" \/>\n<meta name=\"twitter:card\" content=\"summary_large_image\" \/>\n<meta name=\"twitter:site\" content=\"@UrePalma\" \/>\n<meta name=\"twitter:label1\" content=\"Estimated reading time\" \/>\n\t<meta name=\"twitter:data1\" content=\"3 minutes\" \/>\n<script type=\"application\/ld+json\" class=\"yoast-schema-graph\">{\"@context\":\"https:\/\/schema.org\",\"@graph\":[{\"@type\":\"WebPage\",\"@id\":\"https:\/\/urp.ctcaib.es\/historico-urp\/\",\"url\":\"https:\/\/urp.ctcaib.es\/historico-urp\/\",\"name\":\"Hazte socio - Uni\u00f3n Radioaficionados de Palma\",\"isPartOf\":{\"@id\":\"https:\/\/urp.ctcaib.es\/#website\"},\"primaryImageOfPage\":{\"@id\":\"https:\/\/urp.ctcaib.es\/historico-urp\/#primaryimage\"},\"image\":{\"@id\":\"https:\/\/urp.ctcaib.es\/historico-urp\/#primaryimage\"},\"thumbnailUrl\":\"https:\/\/www.ure.es\/wp-content\/uploads\/2018\/02\/ure-v2.png\",\"datePublished\":\"2020-07-15T16:36:26+00:00\",\"dateModified\":\"2020-09-07T05:57:15+00:00\",\"description\":\"ure palma\",\"breadcrumb\":{\"@id\":\"https:\/\/urp.ctcaib.es\/historico-urp\/#breadcrumb\"},\"inLanguage\":\"en-GB\",\"potentialAction\":[{\"@type\":\"ReadAction\",\"target\":[\"https:\/\/urp.ctcaib.es\/historico-urp\/\"]}]},{\"@type\":\"ImageObject\",\"inLanguage\":\"en-GB\",\"@id\":\"https:\/\/urp.ctcaib.es\/historico-urp\/#primaryimage\",\"url\":\"https:\/\/www.ure.es\/wp-content\/uploads\/2018\/02\/ure-v2.png\",\"contentUrl\":\"https:\/\/www.ure.es\/wp-content\/uploads\/2018\/02\/ure-v2.png\"},{\"@type\":\"BreadcrumbList\",\"@id\":\"https:\/\/urp.ctcaib.es\/historico-urp\/#breadcrumb\",\"itemListElement\":[{\"@type\":\"ListItem\",\"position\":1,\"name\":\"Portada\",\"item\":\"https:\/\/urp.ctcaib.es\/\"},{\"@type\":\"ListItem\",\"position\":2,\"name\":\"Hazte socio\"}]},{\"@type\":\"WebSite\",\"@id\":\"https:\/\/urp.ctcaib.es\/#website\",\"url\":\"https:\/\/urp.ctcaib.es\/\",\"name\":\"Uni\u00f3n Radioaficionados de Palma\",\"description\":\"\",\"publisher\":{\"@id\":\"https:\/\/urp.ctcaib.es\/#organization\"},\"potentialAction\":[{\"@type\":\"SearchAction\",\"target\":{\"@type\":\"EntryPoint\",\"urlTemplate\":\"https:\/\/urp.ctcaib.es\/?s={search_term_string}\"},\"query-input\":{\"@type\":\"PropertyValueSpecification\",\"valueRequired\":true,\"valueName\":\"search_term_string\"}}],\"inLanguage\":\"en-GB\"},{\"@type\":\"Organization\",\"@id\":\"https:\/\/urp.ctcaib.es\/#organization\",\"name\":\"Ure Palma\",\"url\":\"https:\/\/urp.ctcaib.es\/\",\"logo\":{\"@type\":\"ImageObject\",\"inLanguage\":\"en-GB\",\"@id\":\"https:\/\/urp.ctcaib.es\/#\/schema\/logo\/image\/\",\"url\":\"https:\/\/urp.ctcaib.es\/wp-content\/uploads\/sites\/2\/2020\/08\/Titulo2.jpg\",\"contentUrl\":\"https:\/\/urp.ctcaib.es\/wp-content\/uploads\/sites\/2\/2020\/08\/Titulo2.jpg\",\"width\":733,\"height\":131,\"caption\":\"Ure Palma\"},\"image\":{\"@id\":\"https:\/\/urp.ctcaib.es\/#\/schema\/logo\/image\/\"},\"sameAs\":[\"https:\/\/www.facebook.com\/UrePalma\/\",\"https:\/\/x.com\/UrePalma\",\"https:\/\/www.instagram.com\/ure_palma\/\"]}]}<\/script>\n<!-- \/ Yoast SEO plugin. -->","yoast_head_json":{"title":"Hazte socio - Uni\u00f3n Radioaficionados de Palma","description":"ure palma","robots":{"index":"index","follow":"follow","max-snippet":"max-snippet:-1","max-image-preview":"max-image-preview:large","max-video-preview":"max-video-preview:-1"},"canonical":"https:\/\/urp.ctcaib.es\/en\/historico-urp\/","og_locale":"en_GB","og_type":"article","og_title":"Hazte socio - Uni\u00f3n Radioaficionados de Palma","og_description":"ure palma","og_url":"https:\/\/urp.ctcaib.es\/en\/historico-urp\/","og_site_name":"Uni\u00f3n Radioaficionados de Palma","article_publisher":"https:\/\/www.facebook.com\/UrePalma\/","article_modified_time":"2020-09-07T05:57:15+00:00","og_image":[{"url":"https:\/\/www.ure.es\/wp-content\/uploads\/2018\/02\/ure-v2.png"}],"twitter_card":"summary_large_image","twitter_site":"@UrePalma","twitter_misc":{"Estimated reading time":"3 minutes"},"schema":{"@context":"https:\/\/schema.org","@graph":[{"@type":"WebPage","@id":"https:\/\/urp.ctcaib.es\/historico-urp\/","url":"https:\/\/urp.ctcaib.es\/historico-urp\/","name":"Hazte socio - Uni\u00f3n Radioaficionados de Palma","isPartOf":{"@id":"https:\/\/urp.ctcaib.es\/#website"},"primaryImageOfPage":{"@id":"https:\/\/urp.ctcaib.es\/historico-urp\/#primaryimage"},"image":{"@id":"https:\/\/urp.ctcaib.es\/historico-urp\/#primaryimage"},"thumbnailUrl":"https:\/\/www.ure.es\/wp-content\/uploads\/2018\/02\/ure-v2.png","datePublished":"2020-07-15T16:36:26+00:00","dateModified":"2020-09-07T05:57:15+00:00","description":"ure palma","breadcrumb":{"@id":"https:\/\/urp.ctcaib.es\/historico-urp\/#breadcrumb"},"inLanguage":"en-GB","potentialAction":[{"@type":"ReadAction","target":["https:\/\/urp.ctcaib.es\/historico-urp\/"]}]},{"@type":"ImageObject","inLanguage":"en-GB","@id":"https:\/\/urp.ctcaib.es\/historico-urp\/#primaryimage","url":"https:\/\/www.ure.es\/wp-content\/uploads\/2018\/02\/ure-v2.png","contentUrl":"https:\/\/www.ure.es\/wp-content\/uploads\/2018\/02\/ure-v2.png"},{"@type":"BreadcrumbList","@id":"https:\/\/urp.ctcaib.es\/historico-urp\/#breadcrumb","itemListElement":[{"@type":"ListItem","position":1,"name":"Portada","item":"https:\/\/urp.ctcaib.es\/"},{"@type":"ListItem","position":2,"name":"Hazte socio"}]},{"@type":"WebSite","@id":"https:\/\/urp.ctcaib.es\/#website","url":"https:\/\/urp.ctcaib.es\/","name":"Uni\u00f3n Radioaficionados de Palma","description":"","publisher":{"@id":"https:\/\/urp.ctcaib.es\/#organization"},"potentialAction":[{"@type":"SearchAction","target":{"@type":"EntryPoint","urlTemplate":"https:\/\/urp.ctcaib.es\/?s={search_term_string}"},"query-input":{"@type":"PropertyValueSpecification","valueRequired":true,"valueName":"search_term_string"}}],"inLanguage":"en-GB"},{"@type":"Organization","@id":"https:\/\/urp.ctcaib.es\/#organization","name":"Ure Palma","url":"https:\/\/urp.ctcaib.es\/","logo":{"@type":"ImageObject","inLanguage":"en-GB","@id":"https:\/\/urp.ctcaib.es\/#\/schema\/logo\/image\/","url":"https:\/\/urp.ctcaib.es\/wp-content\/uploads\/sites\/2\/2020\/08\/Titulo2.jpg","contentUrl":"https:\/\/urp.ctcaib.es\/wp-content\/uploads\/sites\/2\/2020\/08\/Titulo2.jpg","width":733,"height":131,"caption":"Ure Palma"},"image":{"@id":"https:\/\/urp.ctcaib.es\/#\/schema\/logo\/image\/"},"sameAs":["https:\/\/www.facebook.com\/UrePalma\/","https:\/\/x.com\/UrePalma","https:\/\/www.instagram.com\/ure_palma\/"]}]}},"_links":{"self":[{"href":"https:\/\/urp.ctcaib.es\/en\/wp-json\/wp\/v2\/pages\/89"}],"collection":[{"href":"https:\/\/urp.ctcaib.es\/en\/wp-json\/wp\/v2\/pages"}],"about":[{"href":"https:\/\/urp.ctcaib.es\/en\/wp-json\/wp\/v2\/types\/page"}],"author":[{"embeddable":true,"href":"https:\/\/urp.ctcaib.es\/en\/wp-json\/wp\/v2\/users\/1"}],"replies":[{"embeddable":true,"href":"https:\/\/urp.ctcaib.es\/en\/wp-json\/wp\/v2\/comments?post=89"}],"version-history":[{"count":4,"href":"https:\/\/urp.ctcaib.es\/en\/wp-json\/wp\/v2\/pages\/89\/revisions"}],"predecessor-version":[{"id":369,"href":"https:\/\/urp.ctcaib.es\/en\/wp-json\/wp\/v2\/pages\/89\/revisions\/369"}],"wp:attachment":[{"href":"https:\/\/urp.ctcaib.es\/en\/wp-json\/wp\/v2\/media?parent=89"}],"curies":[{"name":"wp","href":"https:\/\/api.w.org\/{rel}","templated":true}]}}