{"id":13,"date":"2020-07-15T10:52:32","date_gmt":"2020-07-15T08:52:32","guid":{"rendered":"https:\/\/urp.ctcaib.es\/?page_id=13"},"modified":"2020-09-07T15:23:47","modified_gmt":"2020-09-07T13:23:47","slug":"noticias","status":"publish","type":"page","link":"https:\/\/urp.ctcaib.es\/en\/noticias\/","title":{"rendered":"Noticias"},"content":{"rendered":"<div class=\"pt-cv-wrapper\"><div class=\"pt-cv-view pt-cv-grid pt-cv-colsys\" id=\"pt-cv-view-762feb8syr\"><div data-id=\"pt-cv-page-1\" class=\"pt-cv-page\" data-cvc=\"1\"><div class=\"col-md-12 col-sm-6 col-xs-12 pt-cv-content-item pt-cv-1-col\" ><div class='pt-cv-ifield'><a href=\"https:\/\/urp.ctcaib.es\/en\/2026\/01\/28\/video-resumen-visita-ies-guillem-huguet\/\" class=\"_self pt-cv-href-thumbnail pt-cv-thumb-default\" target=\"_self\" ><img loading=\"lazy\" decoding=\"async\" width=\"300\" height=\"180\" src=\"https:\/\/urp.ctcaib.es\/wp-content\/uploads\/sites\/2\/2026\/01\/Captura2-300x180.jpg\" class=\"pt-cv-thumbnail\" alt=\"\" srcset=\"https:\/\/urp.ctcaib.es\/wp-content\/uploads\/sites\/2\/2026\/01\/Captura2-300x180.jpg 300w, https:\/\/urp.ctcaib.es\/wp-content\/uploads\/sites\/2\/2026\/01\/Captura2-1024x616.jpg 1024w, https:\/\/urp.ctcaib.es\/wp-content\/uploads\/sites\/2\/2026\/01\/Captura2-768x462.jpg 768w, https:\/\/urp.ctcaib.es\/wp-content\/uploads\/sites\/2\/2026\/01\/Captura2-18x12.jpg 18w, https:\/\/urp.ctcaib.es\/wp-content\/uploads\/sites\/2\/2026\/01\/Captura2-499x300.jpg 499w, https:\/\/urp.ctcaib.es\/wp-content\/uploads\/sites\/2\/2026\/01\/Captura2-310x186.jpg 310w, https:\/\/urp.ctcaib.es\/wp-content\/uploads\/sites\/2\/2026\/01\/Captura2-150x90.jpg 150w, https:\/\/urp.ctcaib.es\/wp-content\/uploads\/sites\/2\/2026\/01\/Captura2-193x116.jpg 193w, https:\/\/urp.ctcaib.es\/wp-content\/uploads\/sites\/2\/2026\/01\/Captura2.jpg 1449w\" sizes=\"(max-width: 300px) 100vw, 300px\" \/><\/a>\n<h4 class=\"pt-cv-title\"><a href=\"https:\/\/urp.ctcaib.es\/en\/2026\/01\/28\/video-resumen-visita-ies-guillem-huguet\/\" class=\"_self\" target=\"_self\" >VIDEO RESUMEN VISITA IES DAMI\u00c0 HUGUET<\/a><\/h4>\n<div class=\"pt-cv-content\">Aqu\u00ed ten\u00e9is el video de la visita realizada al IES Dami\u00e0 Huguet de Campos, continuando con nuestro proyecto la radioafici\u00f3n ...<br \/><div class=\"pt-cv-rmwrap\"><a href=\"https:\/\/urp.ctcaib.es\/en\/2026\/01\/28\/video-resumen-visita-ies-guillem-huguet\/\" class=\"_self pt-cv-readmore btn btn-success\" target=\"_self\">Leer M\u00e1s<\/a><\/div><\/div><\/div><\/div>\n<div class=\"col-md-12 col-sm-6 col-xs-12 pt-cv-content-item pt-cv-1-col\" ><div class='pt-cv-ifield'><a href=\"https:\/\/urp.ctcaib.es\/en\/2025\/10\/23\/comida-radioaficionados-de-baleares\/\" class=\"_self pt-cv-href-thumbnail pt-cv-thumb-default\" target=\"_self\" ><img loading=\"lazy\" decoding=\"async\" width=\"300\" height=\"212\" src=\"https:\/\/urp.ctcaib.es\/wp-content\/uploads\/sites\/2\/2025\/10\/IMG-20251022-WA0028-300x212.jpg\" class=\"pt-cv-thumbnail\" alt=\"\" srcset=\"https:\/\/urp.ctcaib.es\/wp-content\/uploads\/sites\/2\/2025\/10\/IMG-20251022-WA0028-300x212.jpg 300w, https:\/\/urp.ctcaib.es\/wp-content\/uploads\/sites\/2\/2025\/10\/IMG-20251022-WA0028-1024x725.jpg 1024w, https:\/\/urp.ctcaib.es\/wp-content\/uploads\/sites\/2\/2025\/10\/IMG-20251022-WA0028-768x544.jpg 768w, https:\/\/urp.ctcaib.es\/wp-content\/uploads\/sites\/2\/2025\/10\/IMG-20251022-WA0028-18x12.jpg 18w, https:\/\/urp.ctcaib.es\/wp-content\/uploads\/sites\/2\/2025\/10\/IMG-20251022-WA0028-424x300.jpg 424w, https:\/\/urp.ctcaib.es\/wp-content\/uploads\/sites\/2\/2025\/10\/IMG-20251022-WA0028-310x220.jpg 310w, https:\/\/urp.ctcaib.es\/wp-content\/uploads\/sites\/2\/2025\/10\/IMG-20251022-WA0028-148x105.jpg 148w, https:\/\/urp.ctcaib.es\/wp-content\/uploads\/sites\/2\/2025\/10\/IMG-20251022-WA0028-164x116.jpg 164w, https:\/\/urp.ctcaib.es\/wp-content\/uploads\/sites\/2\/2025\/10\/IMG-20251022-WA0028.jpg 1395w\" sizes=\"(max-width: 300px) 100vw, 300px\" \/><\/a>\n<h4 class=\"pt-cv-title\"><a href=\"https:\/\/urp.ctcaib.es\/en\/2025\/10\/23\/comida-radioaficionados-de-baleares\/\" class=\"_self\" target=\"_self\" >COMIDA RADIOAFICIONADOS DE BALEARES<\/a><\/h4>\n<div class=\"pt-cv-content\">Os informamos que este a\u00f1o la tradicional comida de los Radioaficionados de Baleares se celebrar\u00e1 en la isla de Menorca,una ...<br \/><div class=\"pt-cv-rmwrap\"><a href=\"https:\/\/urp.ctcaib.es\/en\/2025\/10\/23\/comida-radioaficionados-de-baleares\/\" class=\"_self pt-cv-readmore btn btn-success\" target=\"_self\">Leer M\u00e1s<\/a><\/div><\/div><\/div><\/div>\n<div class=\"col-md-12 col-sm-6 col-xs-12 pt-cv-content-item pt-cv-1-col\" ><div class='pt-cv-ifield'><a href=\"https:\/\/urp.ctcaib.es\/en\/2025\/09\/14\/video-resumen-visita-ies-politecnic-palma\/\" class=\"_self pt-cv-href-thumbnail pt-cv-thumb-default\" target=\"_self\" ><img loading=\"lazy\" decoding=\"async\" width=\"300\" height=\"222\" src=\"https:\/\/urp.ctcaib.es\/wp-content\/uploads\/sites\/2\/2025\/05\/1000056341-300x222.jpg\" class=\"pt-cv-thumbnail\" alt=\"\" srcset=\"https:\/\/urp.ctcaib.es\/wp-content\/uploads\/sites\/2\/2025\/05\/1000056341-300x222.jpg 300w, https:\/\/urp.ctcaib.es\/wp-content\/uploads\/sites\/2\/2025\/05\/1000056341-768x568.jpg 768w, https:\/\/urp.ctcaib.es\/wp-content\/uploads\/sites\/2\/2025\/05\/1000056341-16x12.jpg 16w, https:\/\/urp.ctcaib.es\/wp-content\/uploads\/sites\/2\/2025\/05\/1000056341-405x300.jpg 405w, https:\/\/urp.ctcaib.es\/wp-content\/uploads\/sites\/2\/2025\/05\/1000056341-310x229.jpg 310w, https:\/\/urp.ctcaib.es\/wp-content\/uploads\/sites\/2\/2025\/05\/1000056341-142x105.jpg 142w, https:\/\/urp.ctcaib.es\/wp-content\/uploads\/sites\/2\/2025\/05\/1000056341-157x116.jpg 157w, https:\/\/urp.ctcaib.es\/wp-content\/uploads\/sites\/2\/2025\/05\/1000056341.jpg 892w\" sizes=\"(max-width: 300px) 100vw, 300px\" \/><\/a>\n<h4 class=\"pt-cv-title\"><a href=\"https:\/\/urp.ctcaib.es\/en\/2025\/09\/14\/video-resumen-visita-ies-politecnic-palma\/\" class=\"_self\" target=\"_self\" >VIDEO RESUMEN VISITA IES POLITECNIC PALMA<\/a><\/h4>\n<div class=\"pt-cv-content\">Siguiendo con las visitas de nuestro proyecto \" La radio en las escuelas\" aqu\u00ed os dejamos el video resumen de ...<br \/><div class=\"pt-cv-rmwrap\"><a href=\"https:\/\/urp.ctcaib.es\/en\/2025\/09\/14\/video-resumen-visita-ies-politecnic-palma\/\" class=\"_self pt-cv-readmore btn btn-success\" target=\"_self\">Leer M\u00e1s<\/a><\/div><\/div><\/div><\/div>\n<div class=\"col-md-12 col-sm-6 col-xs-12 pt-cv-content-item pt-cv-1-col\" ><div class='pt-cv-ifield'><a href=\"https:\/\/urp.ctcaib.es\/en\/2025\/06\/22\/dxsun-aplicacion-android-para-conocer-las-condiciones-de-propagacion\/\" class=\"_self pt-cv-href-thumbnail pt-cv-thumb-default\" target=\"_self\" ><img loading=\"lazy\" decoding=\"async\" width=\"135\" height=\"300\" src=\"https:\/\/urp.ctcaib.es\/wp-content\/uploads\/sites\/2\/2025\/06\/dxsun3-135x300.png\" class=\"pt-cv-thumbnail\" alt=\"\" srcset=\"https:\/\/urp.ctcaib.es\/wp-content\/uploads\/sites\/2\/2025\/06\/dxsun3-135x300.png 135w, https:\/\/urp.ctcaib.es\/wp-content\/uploads\/sites\/2\/2025\/06\/dxsun3-461x1024.png 461w, https:\/\/urp.ctcaib.es\/wp-content\/uploads\/sites\/2\/2025\/06\/dxsun3-768x1707.png 768w, https:\/\/urp.ctcaib.es\/wp-content\/uploads\/sites\/2\/2025\/06\/dxsun3-691x1536.png 691w, https:\/\/urp.ctcaib.es\/wp-content\/uploads\/sites\/2\/2025\/06\/dxsun3-922x2048.png 922w, https:\/\/urp.ctcaib.es\/wp-content\/uploads\/sites\/2\/2025\/06\/dxsun3-5x12.png 5w, https:\/\/urp.ctcaib.es\/wp-content\/uploads\/sites\/2\/2025\/06\/dxsun3-140x310.png 140w, https:\/\/urp.ctcaib.es\/wp-content\/uploads\/sites\/2\/2025\/06\/dxsun3-47x105.png 47w, https:\/\/urp.ctcaib.es\/wp-content\/uploads\/sites\/2\/2025\/06\/dxsun3-52x116.png 52w, https:\/\/urp.ctcaib.es\/wp-content\/uploads\/sites\/2\/2025\/06\/dxsun3.png 1080w\" sizes=\"(max-width: 135px) 100vw, 135px\" \/><\/a>\n<h4 class=\"pt-cv-title\"><a href=\"https:\/\/urp.ctcaib.es\/en\/2025\/06\/22\/dxsun-aplicacion-android-para-conocer-las-condiciones-de-propagacion\/\" class=\"_self\" target=\"_self\" >DXSun aplicaci\u00f3n Android para conocer las condiciones de propagaci\u00f3n<\/a><\/h4>\n<div class=\"pt-cv-content\">Nuestro compa\u00f1ero Hugo EA6AJT ha creado una app pensada para radioaficionados que permite consultar en tiempo real los datos solares ...<br \/><div class=\"pt-cv-rmwrap\"><a href=\"https:\/\/urp.ctcaib.es\/en\/2025\/06\/22\/dxsun-aplicacion-android-para-conocer-las-condiciones-de-propagacion\/\" class=\"_self pt-cv-readmore btn btn-success\" target=\"_self\">Leer M\u00e1s<\/a><\/div><\/div><\/div><\/div>\n<div class=\"col-md-12 col-sm-6 col-xs-12 pt-cv-content-item pt-cv-1-col\" ><div class='pt-cv-ifield'><a href=\"https:\/\/urp.ctcaib.es\/en\/2025\/05\/22\/la-radioaficion-en-las-escuelas-ies-politecnic-palma\/\" class=\"_self pt-cv-href-thumbnail pt-cv-thumb-default\" target=\"_self\" ><img loading=\"lazy\" decoding=\"async\" width=\"300\" height=\"222\" src=\"https:\/\/urp.ctcaib.es\/wp-content\/uploads\/sites\/2\/2025\/05\/1000056341-300x222.jpg\" class=\"pt-cv-thumbnail\" alt=\"\" srcset=\"https:\/\/urp.ctcaib.es\/wp-content\/uploads\/sites\/2\/2025\/05\/1000056341-300x222.jpg 300w, https:\/\/urp.ctcaib.es\/wp-content\/uploads\/sites\/2\/2025\/05\/1000056341-768x568.jpg 768w, https:\/\/urp.ctcaib.es\/wp-content\/uploads\/sites\/2\/2025\/05\/1000056341-16x12.jpg 16w, https:\/\/urp.ctcaib.es\/wp-content\/uploads\/sites\/2\/2025\/05\/1000056341-405x300.jpg 405w, https:\/\/urp.ctcaib.es\/wp-content\/uploads\/sites\/2\/2025\/05\/1000056341-310x229.jpg 310w, https:\/\/urp.ctcaib.es\/wp-content\/uploads\/sites\/2\/2025\/05\/1000056341-142x105.jpg 142w, https:\/\/urp.ctcaib.es\/wp-content\/uploads\/sites\/2\/2025\/05\/1000056341-157x116.jpg 157w, https:\/\/urp.ctcaib.es\/wp-content\/uploads\/sites\/2\/2025\/05\/1000056341.jpg 892w\" sizes=\"(max-width: 300px) 100vw, 300px\" \/><\/a>\n<h4 class=\"pt-cv-title\"><a href=\"https:\/\/urp.ctcaib.es\/en\/2025\/05\/22\/la-radioaficion-en-las-escuelas-ies-politecnic-palma\/\" class=\"_self\" target=\"_self\" >LA RADIOAFICION EN LAS ESCUELAS &#8220;IES POLITECNIC PALMA&#8221;<\/a><\/h4>\n<div class=\"pt-cv-content\">El pr\u00f3ximo Lunes 26 de Mayo y siguiendo con el programa la radioafici\u00f3n en las escuelas ,estaremos en el instituto ...<br \/><div class=\"pt-cv-rmwrap\"><a href=\"https:\/\/urp.ctcaib.es\/en\/2025\/05\/22\/la-radioaficion-en-las-escuelas-ies-politecnic-palma\/\" class=\"_self pt-cv-readmore btn btn-success\" target=\"_self\">Leer M\u00e1s<\/a><\/div><\/div><\/div><\/div>\n<div class=\"col-md-12 col-sm-6 col-xs-12 pt-cv-content-item pt-cv-1-col\" ><div class='pt-cv-ifield'><a href=\"https:\/\/urp.ctcaib.es\/en\/2025\/02\/07\/radioaficion-en-las-escuelas\/\" class=\"_self pt-cv-href-thumbnail pt-cv-thumb-default\" target=\"_self\" ><img loading=\"lazy\" decoding=\"async\" width=\"300\" height=\"212\" src=\"https:\/\/urp.ctcaib.es\/wp-content\/uploads\/sites\/2\/2025\/02\/Anuncio-IES-Son-Ferrer-pizarra-4-pdf-300x212.jpg\" class=\"pt-cv-thumbnail\" alt=\"\" \/><\/a>\n<h4 class=\"pt-cv-title\"><a href=\"https:\/\/urp.ctcaib.es\/en\/2025\/02\/07\/radioaficion-en-las-escuelas\/\" class=\"_self\" target=\"_self\" >RADIOAFICI\u00d3N EN LAS ESCUELAS<\/a><\/h4>\n<div class=\"pt-cv-content\">El pr\u00f3ximo 10 de Febrero y como continuaci\u00f3n de nuestrasactividades dentro del proyecto \u201cLa Radioafici\u00f3n en las escuelas\u201d,la Uni\u00f3n Radioaficionados ...<br \/><div class=\"pt-cv-rmwrap\"><a href=\"https:\/\/urp.ctcaib.es\/en\/2025\/02\/07\/radioaficion-en-las-escuelas\/\" class=\"_self pt-cv-readmore btn btn-success\" target=\"_self\">Leer M\u00e1s<\/a><\/div><\/div><\/div><\/div>\n<div class=\"col-md-12 col-sm-6 col-xs-12 pt-cv-content-item pt-cv-1-col\" ><div class='pt-cv-ifield'><a href=\"https:\/\/urp.ctcaib.es\/en\/2023\/11\/29\/estaciones-inscritas-en-el-campeonato-long-distance-6-mts\/\" class=\"_self pt-cv-href-thumbnail pt-cv-thumb-default\" target=\"_self\" ><img loading=\"lazy\" decoding=\"async\" width=\"300\" height=\"91\" src=\"https:\/\/urp.ctcaib.es\/wp-content\/uploads\/sites\/2\/2023\/11\/LONG-DISTANCE-DEF-300x91.jpg\" class=\"pt-cv-thumbnail\" alt=\"\" srcset=\"https:\/\/urp.ctcaib.es\/wp-content\/uploads\/sites\/2\/2023\/11\/LONG-DISTANCE-DEF-300x91.jpg 300w, https:\/\/urp.ctcaib.es\/wp-content\/uploads\/sites\/2\/2023\/11\/LONG-DISTANCE-DEF-1024x311.jpg 1024w, https:\/\/urp.ctcaib.es\/wp-content\/uploads\/sites\/2\/2023\/11\/LONG-DISTANCE-DEF-768x233.jpg 768w, https:\/\/urp.ctcaib.es\/wp-content\/uploads\/sites\/2\/2023\/11\/LONG-DISTANCE-DEF-1536x466.jpg 1536w, https:\/\/urp.ctcaib.es\/wp-content\/uploads\/sites\/2\/2023\/11\/LONG-DISTANCE-DEF-18x5.jpg 18w, https:\/\/urp.ctcaib.es\/wp-content\/uploads\/sites\/2\/2023\/11\/LONG-DISTANCE-DEF-650x197.jpg 650w, https:\/\/urp.ctcaib.es\/wp-content\/uploads\/sites\/2\/2023\/11\/LONG-DISTANCE-DEF-228x69.jpg 228w, https:\/\/urp.ctcaib.es\/wp-content\/uploads\/sites\/2\/2023\/11\/LONG-DISTANCE-DEF.jpg 1853w\" sizes=\"(max-width: 300px) 100vw, 300px\" \/><\/a>\n<h4 class=\"pt-cv-title\"><a href=\"https:\/\/urp.ctcaib.es\/en\/2023\/11\/29\/estaciones-inscritas-en-el-campeonato-long-distance-6-mts\/\" class=\"_self\" target=\"_self\" >CLASIFICACI\u00d3N DEFINITIVA CAMPEONATO LONG DISTANCE 6 MTS<\/a><\/h4>\n<div class=\"pt-cv-content\">Esta es la clasificaci\u00f3n final del campeonato long distance 6 mts, en la categor\u00eda de alta potencia Biel EA6VQ se ...<br \/><div class=\"pt-cv-rmwrap\"><a href=\"https:\/\/urp.ctcaib.es\/en\/2023\/11\/29\/estaciones-inscritas-en-el-campeonato-long-distance-6-mts\/\" class=\"_self pt-cv-readmore btn btn-success\" target=\"_self\">Leer M\u00e1s<\/a><\/div><\/div><\/div><\/div>\n<div class=\"col-md-12 col-sm-6 col-xs-12 pt-cv-content-item pt-cv-1-col\" ><div class='pt-cv-ifield'><a href=\"https:\/\/urp.ctcaib.es\/en\/2023\/03\/29\/dos-grandes-contactos-en-la-banda-de-6-mts\/\" class=\"_self pt-cv-href-thumbnail pt-cv-thumb-default\" target=\"_self\" ><img loading=\"lazy\" decoding=\"async\" width=\"300\" height=\"300\" src=\"https:\/\/urp.ctcaib.es\/wp-content\/uploads\/sites\/2\/2023\/03\/3D2AG-300x300.jpg\" class=\"pt-cv-thumbnail\" alt=\"\" srcset=\"https:\/\/urp.ctcaib.es\/wp-content\/uploads\/sites\/2\/2023\/03\/3D2AG-300x300.jpg 300w, https:\/\/urp.ctcaib.es\/wp-content\/uploads\/sites\/2\/2023\/03\/3D2AG-150x150.jpg 150w, https:\/\/urp.ctcaib.es\/wp-content\/uploads\/sites\/2\/2023\/03\/3D2AG-768x768.jpg 768w, https:\/\/urp.ctcaib.es\/wp-content\/uploads\/sites\/2\/2023\/03\/3D2AG-116x116.jpg 116w, https:\/\/urp.ctcaib.es\/wp-content\/uploads\/sites\/2\/2023\/03\/3D2AG.jpg 923w\" sizes=\"(max-width: 300px) 100vw, 300px\" \/><\/a>\n<h4 class=\"pt-cv-title\"><a href=\"https:\/\/urp.ctcaib.es\/en\/2023\/03\/29\/dos-grandes-contactos-en-la-banda-de-6-mts\/\" class=\"_self\" target=\"_self\" >DOS GRANDES CONTACTOS EN LA BANDA DE  6 MTS<\/a><\/h4>\n<div class=\"pt-cv-content\">Hace unos d\u00edas nuestro compa\u00f1ero Miguel EA6SX consigui\u00f3 dos super DX'S en la banda de 6 mts , QSO con ...<br \/><div class=\"pt-cv-rmwrap\"><a href=\"https:\/\/urp.ctcaib.es\/en\/2023\/03\/29\/dos-grandes-contactos-en-la-banda-de-6-mts\/\" class=\"_self pt-cv-readmore btn btn-success\" target=\"_self\">Leer M\u00e1s<\/a><\/div><\/div><\/div><\/div>\n<div class=\"col-md-12 col-sm-6 col-xs-12 pt-cv-content-item pt-cv-1-col\" ><div class='pt-cv-ifield'><a href=\"https:\/\/urp.ctcaib.es\/en\/2023\/03\/26\/ea6ej-nuevo-miembro-de-club-cw-operators-foc\/\" class=\"_self pt-cv-href-thumbnail pt-cv-thumb-default\" target=\"_self\" ><img loading=\"lazy\" decoding=\"async\" width=\"300\" height=\"300\" src=\"https:\/\/urp.ctcaib.es\/wp-content\/uploads\/sites\/2\/2023\/03\/EA6EJ1-300x300.jpg\" class=\"pt-cv-thumbnail\" alt=\"\" srcset=\"https:\/\/urp.ctcaib.es\/wp-content\/uploads\/sites\/2\/2023\/03\/EA6EJ1-300x300.jpg 300w, https:\/\/urp.ctcaib.es\/wp-content\/uploads\/sites\/2\/2023\/03\/EA6EJ1-1024x1024.jpg 1024w, https:\/\/urp.ctcaib.es\/wp-content\/uploads\/sites\/2\/2023\/03\/EA6EJ1-150x150.jpg 150w, https:\/\/urp.ctcaib.es\/wp-content\/uploads\/sites\/2\/2023\/03\/EA6EJ1-768x768.jpg 768w, https:\/\/urp.ctcaib.es\/wp-content\/uploads\/sites\/2\/2023\/03\/EA6EJ1-116x116.jpg 116w, https:\/\/urp.ctcaib.es\/wp-content\/uploads\/sites\/2\/2023\/03\/EA6EJ1.jpg 1080w\" sizes=\"(max-width: 300px) 100vw, 300px\" \/><\/a>\n<h4 class=\"pt-cv-title\"><a href=\"https:\/\/urp.ctcaib.es\/en\/2023\/03\/26\/ea6ej-nuevo-miembro-de-club-cw-operators-foc\/\" class=\"_self\" target=\"_self\" >EA6EJ NUEVO MIEMBRO DE CLUB CW OPERATORS (FOC)<\/a><\/h4>\n<div class=\"pt-cv-content\">Hoy tenemos el placer de dar la enhorabuena a nuestro compa\u00f1ero Ini EA6EJ ,que hace unos meses ha sido admitido ...<br \/><div class=\"pt-cv-rmwrap\"><a href=\"https:\/\/urp.ctcaib.es\/en\/2023\/03\/26\/ea6ej-nuevo-miembro-de-club-cw-operators-foc\/\" class=\"_self pt-cv-readmore btn btn-success\" target=\"_self\">Leer M\u00e1s<\/a><\/div><\/div><\/div><\/div>\n<div class=\"col-md-12 col-sm-6 col-xs-12 pt-cv-content-item pt-cv-1-col\" ><div class='pt-cv-ifield'><a href=\"https:\/\/urp.ctcaib.es\/en\/2023\/02\/05\/dia-de-campo-field-day-ea6urp\/\" class=\"_self pt-cv-href-thumbnail pt-cv-thumb-default\" target=\"_self\" ><img loading=\"lazy\" decoding=\"async\" width=\"300\" height=\"300\" src=\"https:\/\/urp.ctcaib.es\/wp-content\/uploads\/sites\/2\/2023\/02\/IMG_20230121_121039_530-300x300.jpg\" class=\"pt-cv-thumbnail\" alt=\"\" srcset=\"https:\/\/urp.ctcaib.es\/wp-content\/uploads\/sites\/2\/2023\/02\/IMG_20230121_121039_530-300x300.jpg 300w, https:\/\/urp.ctcaib.es\/wp-content\/uploads\/sites\/2\/2023\/02\/IMG_20230121_121039_530-150x150.jpg 150w, https:\/\/urp.ctcaib.es\/wp-content\/uploads\/sites\/2\/2023\/02\/IMG_20230121_121039_530-768x768.jpg 768w, https:\/\/urp.ctcaib.es\/wp-content\/uploads\/sites\/2\/2023\/02\/IMG_20230121_121039_530-116x116.jpg 116w, https:\/\/urp.ctcaib.es\/wp-content\/uploads\/sites\/2\/2023\/02\/IMG_20230121_121039_530.jpg 900w\" sizes=\"(max-width: 300px) 100vw, 300px\" \/><\/a>\n<h4 class=\"pt-cv-title\"><a href=\"https:\/\/urp.ctcaib.es\/en\/2023\/02\/05\/dia-de-campo-field-day-ea6urp\/\" class=\"_self\" target=\"_self\" >D\u00eda de Campo (Field day) EA6URP<\/a><\/h4>\n<div class=\"pt-cv-content\">EA6URP en el aire desde el puig de Santa Magdalena DME 07027, un d\u00eda de campo,radio y con mucho frio ...<br \/><div class=\"pt-cv-rmwrap\"><a href=\"https:\/\/urp.ctcaib.es\/en\/2023\/02\/05\/dia-de-campo-field-day-ea6urp\/\" class=\"_self pt-cv-readmore btn btn-success\" target=\"_self\">Leer M\u00e1s<\/a><\/div><\/div><\/div><\/div><\/div><\/div><\/div>","protected":false},"excerpt":{"rendered":"","protected":false},"author":1,"featured_media":0,"parent":0,"menu_order":0,"comment_status":"closed","ping_status":"closed","template":"","meta":{"footnotes":""},"class_list":["post-13","page","type-page","status-publish","hentry"],"yoast_head":"<!-- This site is optimized with the Yoast SEO plugin v23.4 - https:\/\/yoast.com\/wordpress\/plugins\/seo\/ -->\n<title>Noticias - Uni\u00f3n Radioaficionados de Palma<\/title>\n<meta name=\"description\" content=\"ure palma\" \/>\n<meta name=\"robots\" content=\"index, follow, max-snippet:-1, max-image-preview:large, max-video-preview:-1\" \/>\n<link rel=\"canonical\" href=\"https:\/\/urp.ctcaib.es\/en\/noticias\/\" \/>\n<meta property=\"og:locale\" content=\"en_GB\" \/>\n<meta property=\"og:type\" content=\"article\" \/>\n<meta property=\"og:title\" content=\"Noticias - Uni\u00f3n Radioaficionados de Palma\" \/>\n<meta property=\"og:description\" content=\"ure palma\" \/>\n<meta property=\"og:url\" content=\"https:\/\/urp.ctcaib.es\/en\/noticias\/\" \/>\n<meta property=\"og:site_name\" content=\"Uni\u00f3n Radioaficionados de Palma\" \/>\n<meta property=\"article:publisher\" content=\"https:\/\/www.facebook.com\/UrePalma\/\" \/>\n<meta property=\"article:modified_time\" content=\"2020-09-07T13:23:47+00:00\" \/>\n<meta name=\"twitter:card\" content=\"summary_large_image\" \/>\n<meta name=\"twitter:site\" content=\"@UrePalma\" \/>\n<script type=\"application\/ld+json\" class=\"yoast-schema-graph\">{\"@context\":\"https:\/\/schema.org\",\"@graph\":[{\"@type\":\"WebPage\",\"@id\":\"https:\/\/urp.ctcaib.es\/noticias\/\",\"url\":\"https:\/\/urp.ctcaib.es\/noticias\/\",\"name\":\"Noticias - Uni\u00f3n Radioaficionados de Palma\",\"isPartOf\":{\"@id\":\"https:\/\/urp.ctcaib.es\/#website\"},\"datePublished\":\"2020-07-15T08:52:32+00:00\",\"dateModified\":\"2020-09-07T13:23:47+00:00\",\"description\":\"ure palma\",\"breadcrumb\":{\"@id\":\"https:\/\/urp.ctcaib.es\/noticias\/#breadcrumb\"},\"inLanguage\":\"en-GB\",\"potentialAction\":[{\"@type\":\"ReadAction\",\"target\":[\"https:\/\/urp.ctcaib.es\/noticias\/\"]}]},{\"@type\":\"BreadcrumbList\",\"@id\":\"https:\/\/urp.ctcaib.es\/noticias\/#breadcrumb\",\"itemListElement\":[{\"@type\":\"ListItem\",\"position\":1,\"name\":\"Portada\",\"item\":\"https:\/\/urp.ctcaib.es\/\"},{\"@type\":\"ListItem\",\"position\":2,\"name\":\"Noticias\"}]},{\"@type\":\"WebSite\",\"@id\":\"https:\/\/urp.ctcaib.es\/#website\",\"url\":\"https:\/\/urp.ctcaib.es\/\",\"name\":\"Uni\u00f3n Radioaficionados de Palma\",\"description\":\"\",\"publisher\":{\"@id\":\"https:\/\/urp.ctcaib.es\/#organization\"},\"potentialAction\":[{\"@type\":\"SearchAction\",\"target\":{\"@type\":\"EntryPoint\",\"urlTemplate\":\"https:\/\/urp.ctcaib.es\/?s={search_term_string}\"},\"query-input\":{\"@type\":\"PropertyValueSpecification\",\"valueRequired\":true,\"valueName\":\"search_term_string\"}}],\"inLanguage\":\"en-GB\"},{\"@type\":\"Organization\",\"@id\":\"https:\/\/urp.ctcaib.es\/#organization\",\"name\":\"Ure Palma\",\"url\":\"https:\/\/urp.ctcaib.es\/\",\"logo\":{\"@type\":\"ImageObject\",\"inLanguage\":\"en-GB\",\"@id\":\"https:\/\/urp.ctcaib.es\/#\/schema\/logo\/image\/\",\"url\":\"https:\/\/urp.ctcaib.es\/wp-content\/uploads\/sites\/2\/2020\/08\/Titulo2.jpg\",\"contentUrl\":\"https:\/\/urp.ctcaib.es\/wp-content\/uploads\/sites\/2\/2020\/08\/Titulo2.jpg\",\"width\":733,\"height\":131,\"caption\":\"Ure Palma\"},\"image\":{\"@id\":\"https:\/\/urp.ctcaib.es\/#\/schema\/logo\/image\/\"},\"sameAs\":[\"https:\/\/www.facebook.com\/UrePalma\/\",\"https:\/\/x.com\/UrePalma\",\"https:\/\/www.instagram.com\/ure_palma\/\"]}]}<\/script>\n<!-- \/ Yoast SEO plugin. -->","yoast_head_json":{"title":"Noticias - Uni\u00f3n Radioaficionados de Palma","description":"ure palma","robots":{"index":"index","follow":"follow","max-snippet":"max-snippet:-1","max-image-preview":"max-image-preview:large","max-video-preview":"max-video-preview:-1"},"canonical":"https:\/\/urp.ctcaib.es\/en\/noticias\/","og_locale":"en_GB","og_type":"article","og_title":"Noticias - Uni\u00f3n Radioaficionados de Palma","og_description":"ure palma","og_url":"https:\/\/urp.ctcaib.es\/en\/noticias\/","og_site_name":"Uni\u00f3n Radioaficionados de Palma","article_publisher":"https:\/\/www.facebook.com\/UrePalma\/","article_modified_time":"2020-09-07T13:23:47+00:00","twitter_card":"summary_large_image","twitter_site":"@UrePalma","schema":{"@context":"https:\/\/schema.org","@graph":[{"@type":"WebPage","@id":"https:\/\/urp.ctcaib.es\/noticias\/","url":"https:\/\/urp.ctcaib.es\/noticias\/","name":"Noticias - Uni\u00f3n Radioaficionados de Palma","isPartOf":{"@id":"https:\/\/urp.ctcaib.es\/#website"},"datePublished":"2020-07-15T08:52:32+00:00","dateModified":"2020-09-07T13:23:47+00:00","description":"ure palma","breadcrumb":{"@id":"https:\/\/urp.ctcaib.es\/noticias\/#breadcrumb"},"inLanguage":"en-GB","potentialAction":[{"@type":"ReadAction","target":["https:\/\/urp.ctcaib.es\/noticias\/"]}]},{"@type":"BreadcrumbList","@id":"https:\/\/urp.ctcaib.es\/noticias\/#breadcrumb","itemListElement":[{"@type":"ListItem","position":1,"name":"Portada","item":"https:\/\/urp.ctcaib.es\/"},{"@type":"ListItem","position":2,"name":"Noticias"}]},{"@type":"WebSite","@id":"https:\/\/urp.ctcaib.es\/#website","url":"https:\/\/urp.ctcaib.es\/","name":"Uni\u00f3n Radioaficionados de Palma","description":"","publisher":{"@id":"https:\/\/urp.ctcaib.es\/#organization"},"potentialAction":[{"@type":"SearchAction","target":{"@type":"EntryPoint","urlTemplate":"https:\/\/urp.ctcaib.es\/?s={search_term_string}"},"query-input":{"@type":"PropertyValueSpecification","valueRequired":true,"valueName":"search_term_string"}}],"inLanguage":"en-GB"},{"@type":"Organization","@id":"https:\/\/urp.ctcaib.es\/#organization","name":"Ure Palma","url":"https:\/\/urp.ctcaib.es\/","logo":{"@type":"ImageObject","inLanguage":"en-GB","@id":"https:\/\/urp.ctcaib.es\/#\/schema\/logo\/image\/","url":"https:\/\/urp.ctcaib.es\/wp-content\/uploads\/sites\/2\/2020\/08\/Titulo2.jpg","contentUrl":"https:\/\/urp.ctcaib.es\/wp-content\/uploads\/sites\/2\/2020\/08\/Titulo2.jpg","width":733,"height":131,"caption":"Ure Palma"},"image":{"@id":"https:\/\/urp.ctcaib.es\/#\/schema\/logo\/image\/"},"sameAs":["https:\/\/www.facebook.com\/UrePalma\/","https:\/\/x.com\/UrePalma","https:\/\/www.instagram.com\/ure_palma\/"]}]}},"_links":{"self":[{"href":"https:\/\/urp.ctcaib.es\/en\/wp-json\/wp\/v2\/pages\/13"}],"collection":[{"href":"https:\/\/urp.ctcaib.es\/en\/wp-json\/wp\/v2\/pages"}],"about":[{"href":"https:\/\/urp.ctcaib.es\/en\/wp-json\/wp\/v2\/types\/page"}],"author":[{"embeddable":true,"href":"https:\/\/urp.ctcaib.es\/en\/wp-json\/wp\/v2\/users\/1"}],"replies":[{"embeddable":true,"href":"https:\/\/urp.ctcaib.es\/en\/wp-json\/wp\/v2\/comments?post=13"}],"version-history":[{"count":2,"href":"https:\/\/urp.ctcaib.es\/en\/wp-json\/wp\/v2\/pages\/13\/revisions"}],"predecessor-version":[{"id":402,"href":"https:\/\/urp.ctcaib.es\/en\/wp-json\/wp\/v2\/pages\/13\/revisions\/402"}],"wp:attachment":[{"href":"https:\/\/urp.ctcaib.es\/en\/wp-json\/wp\/v2\/media?parent=13"}],"curies":[{"name":"wp","href":"https:\/\/api.w.org\/{rel}","templated":true}]}}