{"id":32,"date":"2020-07-15T16:59:57","date_gmt":"2020-07-15T14:59:57","guid":{"rendered":"https:\/\/urp.ctcaib.es\/?page_id=32"},"modified":"2020-08-31T12:03:25","modified_gmt":"2020-08-31T10:03:25","slug":"propagacion","status":"publish","type":"page","link":"http:\/\/urp.ctcaib.es\/en\/propagacion\/","title":{"rendered":"Propagaci\u00f3n"},"content":{"rendered":"<p><strong>Aqu\u00ed dispones de las herramientas para ayudarte y conocer la situaci\u00f3n de la propagaci\u00f3n en todo momento<\/strong><\/p>\n\n\n\n<h4 class=\"wp-block-heading\"><strong>Evoluci\u00f3n Ciclo Solar NOAA<\/strong><\/h4>\n\n\n\n<figure class=\"wp-block-image size-large is-resized\"><a href=\"https:\/\/www.swpc.noaa.gov\/products\/solar-cycle-progression\"><img loading=\"lazy\" decoding=\"async\" src=\"https:\/\/urp.ctcaib.es\/wp-content\/uploads\/sites\/2\/2020\/08\/imagen-3-1024x475.png\" alt=\"\" class=\"wp-image-267\" width=\"418\" height=\"193\" srcset=\"https:\/\/urp.ctcaib.es\/wp-content\/uploads\/sites\/2\/2020\/08\/imagen-3-1024x475.png 1024w, https:\/\/urp.ctcaib.es\/wp-content\/uploads\/sites\/2\/2020\/08\/imagen-3-300x139.png 300w, https:\/\/urp.ctcaib.es\/wp-content\/uploads\/sites\/2\/2020\/08\/imagen-3-768x356.png 768w, https:\/\/urp.ctcaib.es\/wp-content\/uploads\/sites\/2\/2020\/08\/imagen-3-646x300.png 646w, https:\/\/urp.ctcaib.es\/wp-content\/uploads\/sites\/2\/2020\/08\/imagen-3-228x106.png 228w, https:\/\/urp.ctcaib.es\/wp-content\/uploads\/sites\/2\/2020\/08\/imagen-3.png 1349w\" sizes=\"(max-width: 418px) 100vw, 418px\" \/><\/a><\/figure>\n\n\n\n<h4 class=\"wp-block-heading\"><strong>Previsi\u00f3n y evoluci\u00f3n viento solar NOAA<\/strong><\/h4>\n\n\n\n<figure class=\"wp-block-image is-resized\"><a href=\"https:\/\/www.swpc.noaa.gov\/communities\/space-weather-enthusiasts\"><img loading=\"lazy\" decoding=\"async\" src=\"https:\/\/services.swpc.noaa.gov\/images\/animations\/enlil\/latest.jpg\" alt=\"The latest WSA-Enlil solar wind prediction plot and animation\" width=\"437\" height=\"272\" title=\"Click to exit full screen\"\/><\/a><\/figure>\n\n\n\n<h4 class=\"wp-block-heading\"><strong>Predicci\u00f3n propagaci\u00f3n VOACAP<\/strong><\/h4>\n\n\n\n<figure class=\"wp-block-image size-large is-resized\"><a href=\"https:\/\/www.voacap.com\/hf\/\"><img loading=\"lazy\" decoding=\"async\" src=\"https:\/\/urp.ctcaib.es\/wp-content\/uploads\/sites\/2\/2020\/08\/imagen-4-1024x475.png\" alt=\"\" class=\"wp-image-269\" width=\"452\" height=\"209\" srcset=\"https:\/\/urp.ctcaib.es\/wp-content\/uploads\/sites\/2\/2020\/08\/imagen-4-1024x475.png 1024w, https:\/\/urp.ctcaib.es\/wp-content\/uploads\/sites\/2\/2020\/08\/imagen-4-300x139.png 300w, https:\/\/urp.ctcaib.es\/wp-content\/uploads\/sites\/2\/2020\/08\/imagen-4-768x356.png 768w, https:\/\/urp.ctcaib.es\/wp-content\/uploads\/sites\/2\/2020\/08\/imagen-4-646x300.png 646w, https:\/\/urp.ctcaib.es\/wp-content\/uploads\/sites\/2\/2020\/08\/imagen-4-228x106.png 228w, https:\/\/urp.ctcaib.es\/wp-content\/uploads\/sites\/2\/2020\/08\/imagen-4.png 1349w\" sizes=\"(max-width: 452px) 100vw, 452px\" \/><\/a><\/figure>\n\n\n\n<h4 class=\"wp-block-heading\"><strong>P\u00e1gina DXmaps by EA6VQ<\/strong><\/h4>\n\n\n\n<figure class=\"wp-block-image size-large is-resized\"><a href=\"https:\/\/www.dxmaps.com\/spots\/mapg.php?Lan=E\"><img loading=\"lazy\" decoding=\"async\" src=\"https:\/\/urp.ctcaib.es\/wp-content\/uploads\/sites\/2\/2020\/08\/imagen-5-1024x475.png\" alt=\"\" class=\"wp-image-272\" width=\"485\" height=\"224\" srcset=\"https:\/\/urp.ctcaib.es\/wp-content\/uploads\/sites\/2\/2020\/08\/imagen-5-1024x475.png 1024w, https:\/\/urp.ctcaib.es\/wp-content\/uploads\/sites\/2\/2020\/08\/imagen-5-300x139.png 300w, https:\/\/urp.ctcaib.es\/wp-content\/uploads\/sites\/2\/2020\/08\/imagen-5-768x356.png 768w, https:\/\/urp.ctcaib.es\/wp-content\/uploads\/sites\/2\/2020\/08\/imagen-5-646x300.png 646w, https:\/\/urp.ctcaib.es\/wp-content\/uploads\/sites\/2\/2020\/08\/imagen-5-228x106.png 228w, https:\/\/urp.ctcaib.es\/wp-content\/uploads\/sites\/2\/2020\/08\/imagen-5.png 1349w\" sizes=\"(max-width: 485px) 100vw, 485px\" \/><\/a><\/figure>\n\n\n\n<p><\/p>","protected":false},"excerpt":{"rendered":"<p>Aqu\u00ed dispones de las herramientas para ayudarte y conocer la situaci\u00f3n de la propagaci\u00f3n en todo momento Evoluci\u00f3n Ciclo Solar NOAA Previsi\u00f3n y evoluci\u00f3n viento solar NOAA Predicci\u00f3n propagaci\u00f3n VOACAP P\u00e1gina DXmaps by EA6VQ<\/p>","protected":false},"author":1,"featured_media":0,"parent":0,"menu_order":0,"comment_status":"closed","ping_status":"closed","template":"","meta":{"footnotes":""},"class_list":["post-32","page","type-page","status-publish","hentry"],"yoast_head":"<!-- This site is optimized with the Yoast SEO plugin v23.4 - https:\/\/yoast.com\/wordpress\/plugins\/seo\/ -->\n<title>Propagaci\u00f3n - Uni\u00f3n Radioaficionados de Palma<\/title>\n<meta name=\"description\" content=\"ure palma\" \/>\n<meta name=\"robots\" content=\"index, follow, max-snippet:-1, max-image-preview:large, max-video-preview:-1\" \/>\n<link rel=\"canonical\" href=\"http:\/\/urp.ctcaib.es\/en\/propagacion\/\" \/>\n<meta property=\"og:locale\" content=\"en_GB\" \/>\n<meta property=\"og:type\" content=\"article\" \/>\n<meta property=\"og:title\" content=\"Propagaci\u00f3n - Uni\u00f3n Radioaficionados de Palma\" \/>\n<meta property=\"og:description\" content=\"ure palma\" \/>\n<meta property=\"og:url\" content=\"http:\/\/urp.ctcaib.es\/en\/propagacion\/\" \/>\n<meta property=\"og:site_name\" content=\"Uni\u00f3n Radioaficionados de Palma\" \/>\n<meta property=\"article:publisher\" content=\"https:\/\/www.facebook.com\/UrePalma\/\" \/>\n<meta property=\"article:modified_time\" content=\"2020-08-31T10:03:25+00:00\" \/>\n<meta property=\"og:image\" content=\"https:\/\/urp.ctcaib.es\/wp-content\/uploads\/sites\/2\/2020\/08\/imagen-3-1024x475.png\" \/>\n<meta name=\"twitter:card\" content=\"summary_large_image\" \/>\n<meta name=\"twitter:site\" content=\"@UrePalma\" \/>\n<script type=\"application\/ld+json\" class=\"yoast-schema-graph\">{\"@context\":\"https:\/\/schema.org\",\"@graph\":[{\"@type\":\"WebPage\",\"@id\":\"https:\/\/urp.ctcaib.es\/propagacion\/\",\"url\":\"https:\/\/urp.ctcaib.es\/propagacion\/\",\"name\":\"Propagaci\u00f3n - Uni\u00f3n Radioaficionados de Palma\",\"isPartOf\":{\"@id\":\"https:\/\/urp.ctcaib.es\/#website\"},\"primaryImageOfPage\":{\"@id\":\"https:\/\/urp.ctcaib.es\/propagacion\/#primaryimage\"},\"image\":{\"@id\":\"https:\/\/urp.ctcaib.es\/propagacion\/#primaryimage\"},\"thumbnailUrl\":\"https:\/\/urp.ctcaib.es\/wp-content\/uploads\/sites\/2\/2020\/08\/imagen-3-1024x475.png\",\"datePublished\":\"2020-07-15T14:59:57+00:00\",\"dateModified\":\"2020-08-31T10:03:25+00:00\",\"description\":\"ure palma\",\"breadcrumb\":{\"@id\":\"https:\/\/urp.ctcaib.es\/propagacion\/#breadcrumb\"},\"inLanguage\":\"en-GB\",\"potentialAction\":[{\"@type\":\"ReadAction\",\"target\":[\"https:\/\/urp.ctcaib.es\/propagacion\/\"]}]},{\"@type\":\"ImageObject\",\"inLanguage\":\"en-GB\",\"@id\":\"https:\/\/urp.ctcaib.es\/propagacion\/#primaryimage\",\"url\":\"https:\/\/urp.ctcaib.es\/wp-content\/uploads\/sites\/2\/2020\/08\/imagen-3-1024x475.png\",\"contentUrl\":\"https:\/\/urp.ctcaib.es\/wp-content\/uploads\/sites\/2\/2020\/08\/imagen-3-1024x475.png\"},{\"@type\":\"BreadcrumbList\",\"@id\":\"https:\/\/urp.ctcaib.es\/propagacion\/#breadcrumb\",\"itemListElement\":[{\"@type\":\"ListItem\",\"position\":1,\"name\":\"Portada\",\"item\":\"https:\/\/urp.ctcaib.es\/\"},{\"@type\":\"ListItem\",\"position\":2,\"name\":\"Propagaci\u00f3n\"}]},{\"@type\":\"WebSite\",\"@id\":\"https:\/\/urp.ctcaib.es\/#website\",\"url\":\"https:\/\/urp.ctcaib.es\/\",\"name\":\"Uni\u00f3n Radioaficionados de Palma\",\"description\":\"\",\"publisher\":{\"@id\":\"https:\/\/urp.ctcaib.es\/#organization\"},\"potentialAction\":[{\"@type\":\"SearchAction\",\"target\":{\"@type\":\"EntryPoint\",\"urlTemplate\":\"https:\/\/urp.ctcaib.es\/?s={search_term_string}\"},\"query-input\":{\"@type\":\"PropertyValueSpecification\",\"valueRequired\":true,\"valueName\":\"search_term_string\"}}],\"inLanguage\":\"en-GB\"},{\"@type\":\"Organization\",\"@id\":\"https:\/\/urp.ctcaib.es\/#organization\",\"name\":\"Ure Palma\",\"url\":\"https:\/\/urp.ctcaib.es\/\",\"logo\":{\"@type\":\"ImageObject\",\"inLanguage\":\"en-GB\",\"@id\":\"https:\/\/urp.ctcaib.es\/#\/schema\/logo\/image\/\",\"url\":\"https:\/\/urp.ctcaib.es\/wp-content\/uploads\/sites\/2\/2020\/08\/Titulo2.jpg\",\"contentUrl\":\"https:\/\/urp.ctcaib.es\/wp-content\/uploads\/sites\/2\/2020\/08\/Titulo2.jpg\",\"width\":733,\"height\":131,\"caption\":\"Ure Palma\"},\"image\":{\"@id\":\"https:\/\/urp.ctcaib.es\/#\/schema\/logo\/image\/\"},\"sameAs\":[\"https:\/\/www.facebook.com\/UrePalma\/\",\"https:\/\/x.com\/UrePalma\",\"https:\/\/www.instagram.com\/ure_palma\/\"]}]}<\/script>\n<!-- \/ Yoast SEO plugin. -->","yoast_head_json":{"title":"Propagaci\u00f3n - Uni\u00f3n Radioaficionados de Palma","description":"ure palma","robots":{"index":"index","follow":"follow","max-snippet":"max-snippet:-1","max-image-preview":"max-image-preview:large","max-video-preview":"max-video-preview:-1"},"canonical":"http:\/\/urp.ctcaib.es\/en\/propagacion\/","og_locale":"en_GB","og_type":"article","og_title":"Propagaci\u00f3n - Uni\u00f3n Radioaficionados de Palma","og_description":"ure palma","og_url":"http:\/\/urp.ctcaib.es\/en\/propagacion\/","og_site_name":"Uni\u00f3n Radioaficionados de Palma","article_publisher":"https:\/\/www.facebook.com\/UrePalma\/","article_modified_time":"2020-08-31T10:03:25+00:00","og_image":[{"url":"https:\/\/urp.ctcaib.es\/wp-content\/uploads\/sites\/2\/2020\/08\/imagen-3-1024x475.png"}],"twitter_card":"summary_large_image","twitter_site":"@UrePalma","schema":{"@context":"https:\/\/schema.org","@graph":[{"@type":"WebPage","@id":"https:\/\/urp.ctcaib.es\/propagacion\/","url":"https:\/\/urp.ctcaib.es\/propagacion\/","name":"Propagaci\u00f3n - Uni\u00f3n Radioaficionados de Palma","isPartOf":{"@id":"https:\/\/urp.ctcaib.es\/#website"},"primaryImageOfPage":{"@id":"https:\/\/urp.ctcaib.es\/propagacion\/#primaryimage"},"image":{"@id":"https:\/\/urp.ctcaib.es\/propagacion\/#primaryimage"},"thumbnailUrl":"https:\/\/urp.ctcaib.es\/wp-content\/uploads\/sites\/2\/2020\/08\/imagen-3-1024x475.png","datePublished":"2020-07-15T14:59:57+00:00","dateModified":"2020-08-31T10:03:25+00:00","description":"ure palma","breadcrumb":{"@id":"https:\/\/urp.ctcaib.es\/propagacion\/#breadcrumb"},"inLanguage":"en-GB","potentialAction":[{"@type":"ReadAction","target":["https:\/\/urp.ctcaib.es\/propagacion\/"]}]},{"@type":"ImageObject","inLanguage":"en-GB","@id":"https:\/\/urp.ctcaib.es\/propagacion\/#primaryimage","url":"https:\/\/urp.ctcaib.es\/wp-content\/uploads\/sites\/2\/2020\/08\/imagen-3-1024x475.png","contentUrl":"https:\/\/urp.ctcaib.es\/wp-content\/uploads\/sites\/2\/2020\/08\/imagen-3-1024x475.png"},{"@type":"BreadcrumbList","@id":"https:\/\/urp.ctcaib.es\/propagacion\/#breadcrumb","itemListElement":[{"@type":"ListItem","position":1,"name":"Portada","item":"https:\/\/urp.ctcaib.es\/"},{"@type":"ListItem","position":2,"name":"Propagaci\u00f3n"}]},{"@type":"WebSite","@id":"https:\/\/urp.ctcaib.es\/#website","url":"https:\/\/urp.ctcaib.es\/","name":"Uni\u00f3n Radioaficionados de Palma","description":"","publisher":{"@id":"https:\/\/urp.ctcaib.es\/#organization"},"potentialAction":[{"@type":"SearchAction","target":{"@type":"EntryPoint","urlTemplate":"https:\/\/urp.ctcaib.es\/?s={search_term_string}"},"query-input":{"@type":"PropertyValueSpecification","valueRequired":true,"valueName":"search_term_string"}}],"inLanguage":"en-GB"},{"@type":"Organization","@id":"https:\/\/urp.ctcaib.es\/#organization","name":"Ure Palma","url":"https:\/\/urp.ctcaib.es\/","logo":{"@type":"ImageObject","inLanguage":"en-GB","@id":"https:\/\/urp.ctcaib.es\/#\/schema\/logo\/image\/","url":"https:\/\/urp.ctcaib.es\/wp-content\/uploads\/sites\/2\/2020\/08\/Titulo2.jpg","contentUrl":"https:\/\/urp.ctcaib.es\/wp-content\/uploads\/sites\/2\/2020\/08\/Titulo2.jpg","width":733,"height":131,"caption":"Ure Palma"},"image":{"@id":"https:\/\/urp.ctcaib.es\/#\/schema\/logo\/image\/"},"sameAs":["https:\/\/www.facebook.com\/UrePalma\/","https:\/\/x.com\/UrePalma","https:\/\/www.instagram.com\/ure_palma\/"]}]}},"_links":{"self":[{"href":"http:\/\/urp.ctcaib.es\/en\/wp-json\/wp\/v2\/pages\/32"}],"collection":[{"href":"http:\/\/urp.ctcaib.es\/en\/wp-json\/wp\/v2\/pages"}],"about":[{"href":"http:\/\/urp.ctcaib.es\/en\/wp-json\/wp\/v2\/types\/page"}],"author":[{"embeddable":true,"href":"http:\/\/urp.ctcaib.es\/en\/wp-json\/wp\/v2\/users\/1"}],"replies":[{"embeddable":true,"href":"http:\/\/urp.ctcaib.es\/en\/wp-json\/wp\/v2\/comments?post=32"}],"version-history":[{"count":8,"href":"http:\/\/urp.ctcaib.es\/en\/wp-json\/wp\/v2\/pages\/32\/revisions"}],"predecessor-version":[{"id":330,"href":"http:\/\/urp.ctcaib.es\/en\/wp-json\/wp\/v2\/pages\/32\/revisions\/330"}],"wp:attachment":[{"href":"http:\/\/urp.ctcaib.es\/en\/wp-json\/wp\/v2\/media?parent=32"}],"curies":[{"name":"wp","href":"https:\/\/api.w.org\/{rel}","templated":true}]}}