{"id":22,"date":"2020-07-15T16:47:08","date_gmt":"2020-07-15T14:47:08","guid":{"rendered":"https:\/\/urp.ctcaib.es\/?page_id=22"},"modified":"2020-09-07T15:27:10","modified_gmt":"2020-09-07T13:27:10","slug":"eventos","status":"publish","type":"page","link":"http:\/\/urp.ctcaib.es\/en\/eventos\/","title":{"rendered":"Eventos"},"content":{"rendered":"<div class=\"pt-cv-wrapper\"><div class=\"pt-cv-view pt-cv-grid pt-cv-colsys\" id=\"pt-cv-view-586fd6diey\"><div data-id=\"pt-cv-page-1\" class=\"pt-cv-page\" data-cvc=\"1\"><div class=\"col-md-12 col-sm-6 col-xs-12 pt-cv-content-item pt-cv-2-col\" ><div class='pt-cv-ifield'><a href=\"http:\/\/urp.ctcaib.es\/en\/2026\/01\/28\/video-resumen-visita-ies-guillem-huguet\/\" class=\"_self pt-cv-href-thumbnail pt-cv-thumb-left\" target=\"_self\" ><img loading=\"lazy\" decoding=\"async\" width=\"300\" height=\"180\" src=\"https:\/\/urp.ctcaib.es\/wp-content\/uploads\/sites\/2\/2026\/01\/Captura2-300x180.jpg\" class=\"pt-cv-thumbnail pull-left\" alt=\"\" srcset=\"https:\/\/urp.ctcaib.es\/wp-content\/uploads\/sites\/2\/2026\/01\/Captura2-300x180.jpg 300w, https:\/\/urp.ctcaib.es\/wp-content\/uploads\/sites\/2\/2026\/01\/Captura2-1024x616.jpg 1024w, https:\/\/urp.ctcaib.es\/wp-content\/uploads\/sites\/2\/2026\/01\/Captura2-768x462.jpg 768w, https:\/\/urp.ctcaib.es\/wp-content\/uploads\/sites\/2\/2026\/01\/Captura2-18x12.jpg 18w, https:\/\/urp.ctcaib.es\/wp-content\/uploads\/sites\/2\/2026\/01\/Captura2-499x300.jpg 499w, https:\/\/urp.ctcaib.es\/wp-content\/uploads\/sites\/2\/2026\/01\/Captura2-310x186.jpg 310w, https:\/\/urp.ctcaib.es\/wp-content\/uploads\/sites\/2\/2026\/01\/Captura2-150x90.jpg 150w, https:\/\/urp.ctcaib.es\/wp-content\/uploads\/sites\/2\/2026\/01\/Captura2-193x116.jpg 193w, https:\/\/urp.ctcaib.es\/wp-content\/uploads\/sites\/2\/2026\/01\/Captura2.jpg 1449w\" sizes=\"(max-width: 300px) 100vw, 300px\" \/><\/a>\n<h4 class=\"pt-cv-title\"><a href=\"http:\/\/urp.ctcaib.es\/en\/2026\/01\/28\/video-resumen-visita-ies-guillem-huguet\/\" class=\"_self\" target=\"_self\" >VIDEO RESUMEN VISITA IES DAMI\u00c0 HUGUET<\/a><\/h4>\n<div class=\"pt-cv-content\">Aqu\u00ed ten\u00e9is el video de la visita realizada al IES Dami\u00e0 Huguet de Campos, continuando con nuestro proyecto la radioafici\u00f3n ...<br \/><div class=\"pt-cv-rmwrap\"><a href=\"http:\/\/urp.ctcaib.es\/en\/2026\/01\/28\/video-resumen-visita-ies-guillem-huguet\/\" class=\"_self pt-cv-readmore btn btn-success\" target=\"_self\">Leer M\u00e1s<\/a><\/div><\/div><\/div><\/div>\n<div class=\"col-md-12 col-sm-6 col-xs-12 pt-cv-content-item pt-cv-2-col\" ><div class='pt-cv-ifield'><a href=\"http:\/\/urp.ctcaib.es\/en\/2026\/01\/28\/resumen-del-ano-2025\/\" class=\"_self pt-cv-href-thumbnail pt-cv-thumb-left\" target=\"_self\" ><img loading=\"lazy\" decoding=\"async\" width=\"300\" height=\"141\" src=\"https:\/\/urp.ctcaib.es\/wp-content\/uploads\/sites\/2\/2026\/01\/Captura-300x141.jpg\" class=\"pt-cv-thumbnail pull-left\" alt=\"\" srcset=\"https:\/\/urp.ctcaib.es\/wp-content\/uploads\/sites\/2\/2026\/01\/Captura-300x141.jpg 300w, https:\/\/urp.ctcaib.es\/wp-content\/uploads\/sites\/2\/2026\/01\/Captura-1024x481.jpg 1024w, https:\/\/urp.ctcaib.es\/wp-content\/uploads\/sites\/2\/2026\/01\/Captura-768x361.jpg 768w, https:\/\/urp.ctcaib.es\/wp-content\/uploads\/sites\/2\/2026\/01\/Captura-1536x722.jpg 1536w, https:\/\/urp.ctcaib.es\/wp-content\/uploads\/sites\/2\/2026\/01\/Captura-18x8.jpg 18w, https:\/\/urp.ctcaib.es\/wp-content\/uploads\/sites\/2\/2026\/01\/Captura-638x300.jpg 638w, https:\/\/urp.ctcaib.es\/wp-content\/uploads\/sites\/2\/2026\/01\/Captura-310x146.jpg 310w, https:\/\/urp.ctcaib.es\/wp-content\/uploads\/sites\/2\/2026\/01\/Captura-150x71.jpg 150w, https:\/\/urp.ctcaib.es\/wp-content\/uploads\/sites\/2\/2026\/01\/Captura-228x107.jpg 228w, https:\/\/urp.ctcaib.es\/wp-content\/uploads\/sites\/2\/2026\/01\/Captura.jpg 1810w\" sizes=\"(max-width: 300px) 100vw, 300px\" \/><\/a>\n<h4 class=\"pt-cv-title\"><a href=\"http:\/\/urp.ctcaib.es\/en\/2026\/01\/28\/resumen-del-ano-2025\/\" class=\"_self\" target=\"_self\" >RESUMEN DEL A\u00d1O 2025<\/a><\/h4>\n<div class=\"pt-cv-content\">Os presentamos el resumen de las actividades realizadas en el a\u00f1o 2025 ...<br \/><div class=\"pt-cv-rmwrap\"><a href=\"http:\/\/urp.ctcaib.es\/en\/2026\/01\/28\/resumen-del-ano-2025\/\" class=\"_self pt-cv-readmore btn btn-success\" target=\"_self\">Leer M\u00e1s<\/a><\/div><\/div><\/div><\/div>\n<div class=\"col-md-12 col-sm-6 col-xs-12 pt-cv-content-item pt-cv-2-col\" ><div class='pt-cv-ifield'><a href=\"http:\/\/urp.ctcaib.es\/en\/2025\/10\/23\/comida-radioaficionados-de-baleares\/\" class=\"_self pt-cv-href-thumbnail pt-cv-thumb-left\" target=\"_self\" ><img loading=\"lazy\" decoding=\"async\" width=\"300\" height=\"212\" src=\"https:\/\/urp.ctcaib.es\/wp-content\/uploads\/sites\/2\/2025\/10\/IMG-20251022-WA0028-300x212.jpg\" class=\"pt-cv-thumbnail pull-left\" alt=\"\" srcset=\"https:\/\/urp.ctcaib.es\/wp-content\/uploads\/sites\/2\/2025\/10\/IMG-20251022-WA0028-300x212.jpg 300w, https:\/\/urp.ctcaib.es\/wp-content\/uploads\/sites\/2\/2025\/10\/IMG-20251022-WA0028-1024x725.jpg 1024w, https:\/\/urp.ctcaib.es\/wp-content\/uploads\/sites\/2\/2025\/10\/IMG-20251022-WA0028-768x544.jpg 768w, https:\/\/urp.ctcaib.es\/wp-content\/uploads\/sites\/2\/2025\/10\/IMG-20251022-WA0028-18x12.jpg 18w, https:\/\/urp.ctcaib.es\/wp-content\/uploads\/sites\/2\/2025\/10\/IMG-20251022-WA0028-424x300.jpg 424w, https:\/\/urp.ctcaib.es\/wp-content\/uploads\/sites\/2\/2025\/10\/IMG-20251022-WA0028-310x220.jpg 310w, https:\/\/urp.ctcaib.es\/wp-content\/uploads\/sites\/2\/2025\/10\/IMG-20251022-WA0028-148x105.jpg 148w, https:\/\/urp.ctcaib.es\/wp-content\/uploads\/sites\/2\/2025\/10\/IMG-20251022-WA0028-164x116.jpg 164w, https:\/\/urp.ctcaib.es\/wp-content\/uploads\/sites\/2\/2025\/10\/IMG-20251022-WA0028.jpg 1395w\" sizes=\"(max-width: 300px) 100vw, 300px\" \/><\/a>\n<h4 class=\"pt-cv-title\"><a href=\"http:\/\/urp.ctcaib.es\/en\/2025\/10\/23\/comida-radioaficionados-de-baleares\/\" class=\"_self\" target=\"_self\" >COMIDA RADIOAFICIONADOS DE BALEARES<\/a><\/h4>\n<div class=\"pt-cv-content\">Os informamos que este a\u00f1o la tradicional comida de los Radioaficionados de Baleares se celebrar\u00e1 en la isla de Menorca,una ...<br \/><div class=\"pt-cv-rmwrap\"><a href=\"http:\/\/urp.ctcaib.es\/en\/2025\/10\/23\/comida-radioaficionados-de-baleares\/\" class=\"_self pt-cv-readmore btn btn-success\" target=\"_self\">Leer M\u00e1s<\/a><\/div><\/div><\/div><\/div>\n<div class=\"col-md-12 col-sm-6 col-xs-12 pt-cv-content-item pt-cv-2-col\" ><div class='pt-cv-ifield'><a href=\"http:\/\/urp.ctcaib.es\/en\/2025\/03\/23\/la-radio-en-las-escuelas-ies-son-ferrer\/\" class=\"_self pt-cv-href-thumbnail pt-cv-thumb-left\" target=\"_self\" ><img loading=\"lazy\" decoding=\"async\" width=\"300\" height=\"160\" src=\"https:\/\/urp.ctcaib.es\/wp-content\/uploads\/sites\/2\/2025\/03\/WhatsApp-Image-2025-03-23-at-12.52.34-300x160.jpeg\" class=\"pt-cv-thumbnail pull-left\" alt=\"\" srcset=\"https:\/\/urp.ctcaib.es\/wp-content\/uploads\/sites\/2\/2025\/03\/WhatsApp-Image-2025-03-23-at-12.52.34-300x160.jpeg 300w, https:\/\/urp.ctcaib.es\/wp-content\/uploads\/sites\/2\/2025\/03\/WhatsApp-Image-2025-03-23-at-12.52.34-768x409.jpeg 768w, https:\/\/urp.ctcaib.es\/wp-content\/uploads\/sites\/2\/2025\/03\/WhatsApp-Image-2025-03-23-at-12.52.34-18x10.jpeg 18w, https:\/\/urp.ctcaib.es\/wp-content\/uploads\/sites\/2\/2025\/03\/WhatsApp-Image-2025-03-23-at-12.52.34-564x300.jpeg 564w, https:\/\/urp.ctcaib.es\/wp-content\/uploads\/sites\/2\/2025\/03\/WhatsApp-Image-2025-03-23-at-12.52.34-310x165.jpeg 310w, https:\/\/urp.ctcaib.es\/wp-content\/uploads\/sites\/2\/2025\/03\/WhatsApp-Image-2025-03-23-at-12.52.34-150x80.jpeg 150w, https:\/\/urp.ctcaib.es\/wp-content\/uploads\/sites\/2\/2025\/03\/WhatsApp-Image-2025-03-23-at-12.52.34-218x116.jpeg 218w, https:\/\/urp.ctcaib.es\/wp-content\/uploads\/sites\/2\/2025\/03\/WhatsApp-Image-2025-03-23-at-12.52.34.jpeg 1005w\" sizes=\"(max-width: 300px) 100vw, 300px\" \/><\/a>\n<h4 class=\"pt-cv-title\"><a href=\"http:\/\/urp.ctcaib.es\/en\/2025\/03\/23\/la-radio-en-las-escuelas-ies-son-ferrer\/\" class=\"_self\" target=\"_self\" >LA RADIO EN LAS ESCUELAS IES SON FERRER<\/a><\/h4>\n<div class=\"pt-cv-content\">Aqu\u00ed ten\u00e9is el video de la charla que tuvo lugar en el IES Son Ferrer sobre la radioafici\u00f3n, un gran ...<br \/><div class=\"pt-cv-rmwrap\"><a href=\"http:\/\/urp.ctcaib.es\/en\/2025\/03\/23\/la-radio-en-las-escuelas-ies-son-ferrer\/\" class=\"_self pt-cv-readmore btn btn-success\" target=\"_self\">Leer M\u00e1s<\/a><\/div><\/div><\/div><\/div>\n<div class=\"col-md-12 col-sm-6 col-xs-12 pt-cv-content-item pt-cv-2-col\" ><div class='pt-cv-ifield'><a href=\"http:\/\/urp.ctcaib.es\/en\/2025\/01\/28\/urp-en-las-escuelas\/\" class=\"_self pt-cv-href-thumbnail pt-cv-thumb-left\" target=\"_self\" ><img loading=\"lazy\" decoding=\"async\" width=\"300\" height=\"174\" src=\"https:\/\/urp.ctcaib.es\/wp-content\/uploads\/sites\/2\/2025\/01\/1738060759092-2-300x174.jpg\" class=\"pt-cv-thumbnail pull-left\" alt=\"\" srcset=\"https:\/\/urp.ctcaib.es\/wp-content\/uploads\/sites\/2\/2025\/01\/1738060759092-2-300x174.jpg 300w, https:\/\/urp.ctcaib.es\/wp-content\/uploads\/sites\/2\/2025\/01\/1738060759092-2-1024x593.jpg 1024w, https:\/\/urp.ctcaib.es\/wp-content\/uploads\/sites\/2\/2025\/01\/1738060759092-2-768x445.jpg 768w, https:\/\/urp.ctcaib.es\/wp-content\/uploads\/sites\/2\/2025\/01\/1738060759092-2-18x10.jpg 18w, https:\/\/urp.ctcaib.es\/wp-content\/uploads\/sites\/2\/2025\/01\/1738060759092-2-518x300.jpg 518w, https:\/\/urp.ctcaib.es\/wp-content\/uploads\/sites\/2\/2025\/01\/1738060759092-2-310x180.jpg 310w, https:\/\/urp.ctcaib.es\/wp-content\/uploads\/sites\/2\/2025\/01\/1738060759092-2-150x87.jpg 150w, https:\/\/urp.ctcaib.es\/wp-content\/uploads\/sites\/2\/2025\/01\/1738060759092-2-200x116.jpg 200w, https:\/\/urp.ctcaib.es\/wp-content\/uploads\/sites\/2\/2025\/01\/1738060759092-2.jpg 1074w\" sizes=\"(max-width: 300px) 100vw, 300px\" \/><\/a>\n<h4 class=\"pt-cv-title\"><a href=\"http:\/\/urp.ctcaib.es\/en\/2025\/01\/28\/urp-en-las-escuelas\/\" class=\"_self\" target=\"_self\" >RADIOAFICI\u00d3N EN LAS ESCUELAS<\/a><\/h4>\n<div class=\"pt-cv-content\">Aqu\u00ed os dejamos el video de la presentaci\u00f3n de nuestros compa\u00f1eros sobre nuestro hobby a los alumnos . Un gran ...<br \/><div class=\"pt-cv-rmwrap\"><a href=\"http:\/\/urp.ctcaib.es\/en\/2025\/01\/28\/urp-en-las-escuelas\/\" class=\"_self pt-cv-readmore btn btn-success\" target=\"_self\">Leer M\u00e1s<\/a><\/div><\/div><\/div><\/div>\n<div class=\"col-md-12 col-sm-6 col-xs-12 pt-cv-content-item pt-cv-2-col\" ><div class='pt-cv-ifield'><a href=\"http:\/\/urp.ctcaib.es\/en\/2023\/11\/29\/estaciones-inscritas-en-el-campeonato-long-distance-6-mts\/\" class=\"_self pt-cv-href-thumbnail pt-cv-thumb-left\" target=\"_self\" ><img loading=\"lazy\" decoding=\"async\" width=\"300\" height=\"91\" src=\"https:\/\/urp.ctcaib.es\/wp-content\/uploads\/sites\/2\/2023\/11\/LONG-DISTANCE-DEF-300x91.jpg\" class=\"pt-cv-thumbnail pull-left\" alt=\"\" srcset=\"https:\/\/urp.ctcaib.es\/wp-content\/uploads\/sites\/2\/2023\/11\/LONG-DISTANCE-DEF-300x91.jpg 300w, https:\/\/urp.ctcaib.es\/wp-content\/uploads\/sites\/2\/2023\/11\/LONG-DISTANCE-DEF-1024x311.jpg 1024w, https:\/\/urp.ctcaib.es\/wp-content\/uploads\/sites\/2\/2023\/11\/LONG-DISTANCE-DEF-768x233.jpg 768w, https:\/\/urp.ctcaib.es\/wp-content\/uploads\/sites\/2\/2023\/11\/LONG-DISTANCE-DEF-1536x466.jpg 1536w, https:\/\/urp.ctcaib.es\/wp-content\/uploads\/sites\/2\/2023\/11\/LONG-DISTANCE-DEF-18x5.jpg 18w, https:\/\/urp.ctcaib.es\/wp-content\/uploads\/sites\/2\/2023\/11\/LONG-DISTANCE-DEF-650x197.jpg 650w, https:\/\/urp.ctcaib.es\/wp-content\/uploads\/sites\/2\/2023\/11\/LONG-DISTANCE-DEF-228x69.jpg 228w, https:\/\/urp.ctcaib.es\/wp-content\/uploads\/sites\/2\/2023\/11\/LONG-DISTANCE-DEF.jpg 1853w\" sizes=\"(max-width: 300px) 100vw, 300px\" \/><\/a>\n<h4 class=\"pt-cv-title\"><a href=\"http:\/\/urp.ctcaib.es\/en\/2023\/11\/29\/estaciones-inscritas-en-el-campeonato-long-distance-6-mts\/\" class=\"_self\" target=\"_self\" >CLASIFICACI\u00d3N DEFINITIVA CAMPEONATO LONG DISTANCE 6 MTS<\/a><\/h4>\n<div class=\"pt-cv-content\">Esta es la clasificaci\u00f3n final del campeonato long distance 6 mts, en la categor\u00eda de alta potencia Biel EA6VQ se ...<br \/><div class=\"pt-cv-rmwrap\"><a href=\"http:\/\/urp.ctcaib.es\/en\/2023\/11\/29\/estaciones-inscritas-en-el-campeonato-long-distance-6-mts\/\" class=\"_self pt-cv-readmore btn btn-success\" target=\"_self\">Leer M\u00e1s<\/a><\/div><\/div><\/div><\/div>\n<div class=\"col-md-12 col-sm-6 col-xs-12 pt-cv-content-item pt-cv-2-col\" ><div class='pt-cv-ifield'><a href=\"http:\/\/urp.ctcaib.es\/en\/2023\/02\/05\/dia-de-campo-field-day-ea6urp\/\" class=\"_self pt-cv-href-thumbnail pt-cv-thumb-left\" target=\"_self\" ><img loading=\"lazy\" decoding=\"async\" width=\"300\" height=\"300\" src=\"https:\/\/urp.ctcaib.es\/wp-content\/uploads\/sites\/2\/2023\/02\/IMG_20230121_121039_530-300x300.jpg\" class=\"pt-cv-thumbnail pull-left\" alt=\"\" srcset=\"https:\/\/urp.ctcaib.es\/wp-content\/uploads\/sites\/2\/2023\/02\/IMG_20230121_121039_530-300x300.jpg 300w, https:\/\/urp.ctcaib.es\/wp-content\/uploads\/sites\/2\/2023\/02\/IMG_20230121_121039_530-150x150.jpg 150w, https:\/\/urp.ctcaib.es\/wp-content\/uploads\/sites\/2\/2023\/02\/IMG_20230121_121039_530-768x768.jpg 768w, https:\/\/urp.ctcaib.es\/wp-content\/uploads\/sites\/2\/2023\/02\/IMG_20230121_121039_530-116x116.jpg 116w, https:\/\/urp.ctcaib.es\/wp-content\/uploads\/sites\/2\/2023\/02\/IMG_20230121_121039_530.jpg 900w\" sizes=\"(max-width: 300px) 100vw, 300px\" \/><\/a>\n<h4 class=\"pt-cv-title\"><a href=\"http:\/\/urp.ctcaib.es\/en\/2023\/02\/05\/dia-de-campo-field-day-ea6urp\/\" class=\"_self\" target=\"_self\" >D\u00eda de Campo (Field day) EA6URP<\/a><\/h4>\n<div class=\"pt-cv-content\">EA6URP en el aire desde el puig de Santa Magdalena DME 07027, un d\u00eda de campo,radio y con mucho frio ...<br \/><div class=\"pt-cv-rmwrap\"><a href=\"http:\/\/urp.ctcaib.es\/en\/2023\/02\/05\/dia-de-campo-field-day-ea6urp\/\" class=\"_self pt-cv-readmore btn btn-success\" target=\"_self\">Leer M\u00e1s<\/a><\/div><\/div><\/div><\/div>\n<div class=\"col-md-12 col-sm-6 col-xs-12 pt-cv-content-item pt-cv-2-col\" ><div class='pt-cv-ifield'><a href=\"http:\/\/urp.ctcaib.es\/en\/2022\/03\/14\/resultados-caza-del-zorro-ure-llevant\/\" class=\"_self pt-cv-href-thumbnail pt-cv-thumb-left\" target=\"_self\" ><img loading=\"lazy\" decoding=\"async\" width=\"300\" height=\"213\" src=\"https:\/\/urp.ctcaib.es\/wp-content\/uploads\/sites\/2\/2022\/03\/IMG-20220309-WA0001-300x213.jpg\" class=\"pt-cv-thumbnail pull-left\" alt=\"\" srcset=\"https:\/\/urp.ctcaib.es\/wp-content\/uploads\/sites\/2\/2022\/03\/IMG-20220309-WA0001-300x213.jpg 300w, https:\/\/urp.ctcaib.es\/wp-content\/uploads\/sites\/2\/2022\/03\/IMG-20220309-WA0001-1024x726.jpg 1024w, https:\/\/urp.ctcaib.es\/wp-content\/uploads\/sites\/2\/2022\/03\/IMG-20220309-WA0001-768x545.jpg 768w, https:\/\/urp.ctcaib.es\/wp-content\/uploads\/sites\/2\/2022\/03\/IMG-20220309-WA0001-423x300.jpg 423w, https:\/\/urp.ctcaib.es\/wp-content\/uploads\/sites\/2\/2022\/03\/IMG-20220309-WA0001-164x116.jpg 164w, https:\/\/urp.ctcaib.es\/wp-content\/uploads\/sites\/2\/2022\/03\/IMG-20220309-WA0001.jpg 1490w\" sizes=\"(max-width: 300px) 100vw, 300px\" \/><\/a>\n<h4 class=\"pt-cv-title\"><a href=\"http:\/\/urp.ctcaib.es\/en\/2022\/03\/14\/resultados-caza-del-zorro-ure-llevant\/\" class=\"_self\" target=\"_self\" >RESULTADOS CAZA DEL ZORRO URE LLEVANT<\/a><\/h4>\n<div class=\"pt-cv-content\">Resultados de la caza del Zorro organizada por URE Llevant . la clasificacion ha sido la siguiente 1 equipo EA6LU, ...<br \/><div class=\"pt-cv-rmwrap\"><a href=\"http:\/\/urp.ctcaib.es\/en\/2022\/03\/14\/resultados-caza-del-zorro-ure-llevant\/\" class=\"_self pt-cv-readmore btn btn-success\" target=\"_self\">Leer M\u00e1s<\/a><\/div><\/div><\/div><\/div>\n<div class=\"col-md-12 col-sm-6 col-xs-12 pt-cv-content-item pt-cv-2-col\" ><div class='pt-cv-ifield'><a href=\"http:\/\/urp.ctcaib.es\/en\/2022\/03\/08\/merca-ham-radio-mallorca-2022\/\" class=\"_self pt-cv-href-thumbnail pt-cv-thumb-left\" target=\"_self\" ><img loading=\"lazy\" decoding=\"async\" width=\"300\" height=\"196\" src=\"https:\/\/urp.ctcaib.es\/wp-content\/uploads\/sites\/2\/2022\/03\/IMG-20220308-WA0002-300x196.jpg\" class=\"pt-cv-thumbnail pull-left\" alt=\"\" srcset=\"https:\/\/urp.ctcaib.es\/wp-content\/uploads\/sites\/2\/2022\/03\/IMG-20220308-WA0002-300x196.jpg 300w, https:\/\/urp.ctcaib.es\/wp-content\/uploads\/sites\/2\/2022\/03\/IMG-20220308-WA0002-1024x668.jpg 1024w, https:\/\/urp.ctcaib.es\/wp-content\/uploads\/sites\/2\/2022\/03\/IMG-20220308-WA0002-768x501.jpg 768w, https:\/\/urp.ctcaib.es\/wp-content\/uploads\/sites\/2\/2022\/03\/IMG-20220308-WA0002-460x300.jpg 460w, https:\/\/urp.ctcaib.es\/wp-content\/uploads\/sites\/2\/2022\/03\/IMG-20220308-WA0002-178x116.jpg 178w, https:\/\/urp.ctcaib.es\/wp-content\/uploads\/sites\/2\/2022\/03\/IMG-20220308-WA0002.jpg 1242w\" sizes=\"(max-width: 300px) 100vw, 300px\" \/><\/a>\n<h4 class=\"pt-cv-title\"><a href=\"http:\/\/urp.ctcaib.es\/en\/2022\/03\/08\/merca-ham-radio-mallorca-2022\/\" class=\"_self\" target=\"_self\" >MERCA HAM RADIO MALLORCA 2022<\/a><\/h4>\n<div class=\"pt-cv-content\">Mercadillo de radio organizado por EA6URI (Inca) EA6URP (Palma) y EA6URL(Llevant) no te lo puedes perder, recuerda d\u00eda 2 de ...<br \/><div class=\"pt-cv-rmwrap\"><a href=\"http:\/\/urp.ctcaib.es\/en\/2022\/03\/08\/merca-ham-radio-mallorca-2022\/\" class=\"_self pt-cv-readmore btn btn-success\" target=\"_self\">Leer M\u00e1s<\/a><\/div><\/div><\/div><\/div>\n<div class=\"col-md-12 col-sm-6 col-xs-12 pt-cv-content-item pt-cv-2-col\" ><div class='pt-cv-ifield'><a href=\"http:\/\/urp.ctcaib.es\/en\/2021\/11\/22\/ii-encuentro-de-radioaficionados-de-baleares\/\" class=\"_self pt-cv-href-thumbnail pt-cv-thumb-left\" target=\"_self\" ><img loading=\"lazy\" decoding=\"async\" width=\"300\" height=\"169\" src=\"https:\/\/urp.ctcaib.es\/wp-content\/uploads\/sites\/2\/2021\/11\/DJI_0154000-300x169.jpg\" class=\"pt-cv-thumbnail pull-left\" alt=\"\" srcset=\"https:\/\/urp.ctcaib.es\/wp-content\/uploads\/sites\/2\/2021\/11\/DJI_0154000-300x169.jpg 300w, https:\/\/urp.ctcaib.es\/wp-content\/uploads\/sites\/2\/2021\/11\/DJI_0154000-1024x576.jpg 1024w, https:\/\/urp.ctcaib.es\/wp-content\/uploads\/sites\/2\/2021\/11\/DJI_0154000-768x432.jpg 768w, https:\/\/urp.ctcaib.es\/wp-content\/uploads\/sites\/2\/2021\/11\/DJI_0154000-1536x864.jpg 1536w, https:\/\/urp.ctcaib.es\/wp-content\/uploads\/sites\/2\/2021\/11\/DJI_0154000-533x300.jpg 533w, https:\/\/urp.ctcaib.es\/wp-content\/uploads\/sites\/2\/2021\/11\/DJI_0154000-206x116.jpg 206w, https:\/\/urp.ctcaib.es\/wp-content\/uploads\/sites\/2\/2021\/11\/DJI_0154000.jpg 1930w\" sizes=\"(max-width: 300px) 100vw, 300px\" \/><\/a>\n<h4 class=\"pt-cv-title\"><a href=\"http:\/\/urp.ctcaib.es\/en\/2021\/11\/22\/ii-encuentro-de-radioaficionados-de-baleares\/\" class=\"_self\" target=\"_self\" >II Encuentro de Radioaficionados de Baleares<\/a><\/h4>\n<div class=\"pt-cv-content\">El pasado s\u00e1bado 20 de noviembre en el restaurante Ses Torres se celebr\u00f3 el segundo encuentro de radioaficionados de Baleares, ...<br \/><div class=\"pt-cv-rmwrap\"><a href=\"http:\/\/urp.ctcaib.es\/en\/2021\/11\/22\/ii-encuentro-de-radioaficionados-de-baleares\/\" class=\"_self pt-cv-readmore btn btn-success\" target=\"_self\">Leer M\u00e1s<\/a><\/div><\/div><\/div><\/div><\/div><\/div><\/div>","protected":false},"excerpt":{"rendered":"","protected":false},"author":1,"featured_media":0,"parent":0,"menu_order":0,"comment_status":"closed","ping_status":"closed","template":"","meta":{"footnotes":""},"class_list":["post-22","page","type-page","status-publish","hentry"],"yoast_head":"<!-- This site is optimized with the Yoast SEO plugin v23.4 - https:\/\/yoast.com\/wordpress\/plugins\/seo\/ -->\n<title>Eventos - Uni\u00f3n Radioaficionados de Palma<\/title>\n<meta name=\"description\" content=\"ure palma\" \/>\n<meta name=\"robots\" content=\"index, follow, max-snippet:-1, max-image-preview:large, max-video-preview:-1\" \/>\n<link rel=\"canonical\" href=\"http:\/\/urp.ctcaib.es\/en\/eventos\/\" \/>\n<meta property=\"og:locale\" content=\"en_GB\" \/>\n<meta property=\"og:type\" content=\"article\" \/>\n<meta property=\"og:title\" content=\"Eventos - Uni\u00f3n Radioaficionados de Palma\" \/>\n<meta property=\"og:description\" content=\"ure palma\" \/>\n<meta property=\"og:url\" content=\"http:\/\/urp.ctcaib.es\/en\/eventos\/\" \/>\n<meta property=\"og:site_name\" content=\"Uni\u00f3n Radioaficionados de Palma\" \/>\n<meta property=\"article:publisher\" content=\"https:\/\/www.facebook.com\/UrePalma\/\" \/>\n<meta property=\"article:modified_time\" content=\"2020-09-07T13:27:10+00:00\" \/>\n<meta name=\"twitter:card\" content=\"summary_large_image\" \/>\n<meta name=\"twitter:site\" content=\"@UrePalma\" \/>\n<script type=\"application\/ld+json\" class=\"yoast-schema-graph\">{\"@context\":\"https:\/\/schema.org\",\"@graph\":[{\"@type\":\"WebPage\",\"@id\":\"https:\/\/urp.ctcaib.es\/eventos\/\",\"url\":\"https:\/\/urp.ctcaib.es\/eventos\/\",\"name\":\"Eventos - Uni\u00f3n Radioaficionados de Palma\",\"isPartOf\":{\"@id\":\"https:\/\/urp.ctcaib.es\/#website\"},\"datePublished\":\"2020-07-15T14:47:08+00:00\",\"dateModified\":\"2020-09-07T13:27:10+00:00\",\"description\":\"ure palma\",\"breadcrumb\":{\"@id\":\"https:\/\/urp.ctcaib.es\/eventos\/#breadcrumb\"},\"inLanguage\":\"en-GB\",\"potentialAction\":[{\"@type\":\"ReadAction\",\"target\":[\"https:\/\/urp.ctcaib.es\/eventos\/\"]}]},{\"@type\":\"BreadcrumbList\",\"@id\":\"https:\/\/urp.ctcaib.es\/eventos\/#breadcrumb\",\"itemListElement\":[{\"@type\":\"ListItem\",\"position\":1,\"name\":\"Portada\",\"item\":\"https:\/\/urp.ctcaib.es\/\"},{\"@type\":\"ListItem\",\"position\":2,\"name\":\"Eventos\"}]},{\"@type\":\"WebSite\",\"@id\":\"https:\/\/urp.ctcaib.es\/#website\",\"url\":\"https:\/\/urp.ctcaib.es\/\",\"name\":\"Uni\u00f3n Radioaficionados de Palma\",\"description\":\"\",\"publisher\":{\"@id\":\"https:\/\/urp.ctcaib.es\/#organization\"},\"potentialAction\":[{\"@type\":\"SearchAction\",\"target\":{\"@type\":\"EntryPoint\",\"urlTemplate\":\"https:\/\/urp.ctcaib.es\/?s={search_term_string}\"},\"query-input\":{\"@type\":\"PropertyValueSpecification\",\"valueRequired\":true,\"valueName\":\"search_term_string\"}}],\"inLanguage\":\"en-GB\"},{\"@type\":\"Organization\",\"@id\":\"https:\/\/urp.ctcaib.es\/#organization\",\"name\":\"Ure Palma\",\"url\":\"https:\/\/urp.ctcaib.es\/\",\"logo\":{\"@type\":\"ImageObject\",\"inLanguage\":\"en-GB\",\"@id\":\"https:\/\/urp.ctcaib.es\/#\/schema\/logo\/image\/\",\"url\":\"https:\/\/urp.ctcaib.es\/wp-content\/uploads\/sites\/2\/2020\/08\/Titulo2.jpg\",\"contentUrl\":\"https:\/\/urp.ctcaib.es\/wp-content\/uploads\/sites\/2\/2020\/08\/Titulo2.jpg\",\"width\":733,\"height\":131,\"caption\":\"Ure Palma\"},\"image\":{\"@id\":\"https:\/\/urp.ctcaib.es\/#\/schema\/logo\/image\/\"},\"sameAs\":[\"https:\/\/www.facebook.com\/UrePalma\/\",\"https:\/\/x.com\/UrePalma\",\"https:\/\/www.instagram.com\/ure_palma\/\"]}]}<\/script>\n<!-- \/ Yoast SEO plugin. -->","yoast_head_json":{"title":"Eventos - Uni\u00f3n Radioaficionados de Palma","description":"ure palma","robots":{"index":"index","follow":"follow","max-snippet":"max-snippet:-1","max-image-preview":"max-image-preview:large","max-video-preview":"max-video-preview:-1"},"canonical":"http:\/\/urp.ctcaib.es\/en\/eventos\/","og_locale":"en_GB","og_type":"article","og_title":"Eventos - Uni\u00f3n Radioaficionados de Palma","og_description":"ure palma","og_url":"http:\/\/urp.ctcaib.es\/en\/eventos\/","og_site_name":"Uni\u00f3n Radioaficionados de Palma","article_publisher":"https:\/\/www.facebook.com\/UrePalma\/","article_modified_time":"2020-09-07T13:27:10+00:00","twitter_card":"summary_large_image","twitter_site":"@UrePalma","schema":{"@context":"https:\/\/schema.org","@graph":[{"@type":"WebPage","@id":"https:\/\/urp.ctcaib.es\/eventos\/","url":"https:\/\/urp.ctcaib.es\/eventos\/","name":"Eventos - Uni\u00f3n Radioaficionados de Palma","isPartOf":{"@id":"https:\/\/urp.ctcaib.es\/#website"},"datePublished":"2020-07-15T14:47:08+00:00","dateModified":"2020-09-07T13:27:10+00:00","description":"ure palma","breadcrumb":{"@id":"https:\/\/urp.ctcaib.es\/eventos\/#breadcrumb"},"inLanguage":"en-GB","potentialAction":[{"@type":"ReadAction","target":["https:\/\/urp.ctcaib.es\/eventos\/"]}]},{"@type":"BreadcrumbList","@id":"https:\/\/urp.ctcaib.es\/eventos\/#breadcrumb","itemListElement":[{"@type":"ListItem","position":1,"name":"Portada","item":"https:\/\/urp.ctcaib.es\/"},{"@type":"ListItem","position":2,"name":"Eventos"}]},{"@type":"WebSite","@id":"https:\/\/urp.ctcaib.es\/#website","url":"https:\/\/urp.ctcaib.es\/","name":"Uni\u00f3n Radioaficionados de Palma","description":"","publisher":{"@id":"https:\/\/urp.ctcaib.es\/#organization"},"potentialAction":[{"@type":"SearchAction","target":{"@type":"EntryPoint","urlTemplate":"https:\/\/urp.ctcaib.es\/?s={search_term_string}"},"query-input":{"@type":"PropertyValueSpecification","valueRequired":true,"valueName":"search_term_string"}}],"inLanguage":"en-GB"},{"@type":"Organization","@id":"https:\/\/urp.ctcaib.es\/#organization","name":"Ure Palma","url":"https:\/\/urp.ctcaib.es\/","logo":{"@type":"ImageObject","inLanguage":"en-GB","@id":"https:\/\/urp.ctcaib.es\/#\/schema\/logo\/image\/","url":"https:\/\/urp.ctcaib.es\/wp-content\/uploads\/sites\/2\/2020\/08\/Titulo2.jpg","contentUrl":"https:\/\/urp.ctcaib.es\/wp-content\/uploads\/sites\/2\/2020\/08\/Titulo2.jpg","width":733,"height":131,"caption":"Ure Palma"},"image":{"@id":"https:\/\/urp.ctcaib.es\/#\/schema\/logo\/image\/"},"sameAs":["https:\/\/www.facebook.com\/UrePalma\/","https:\/\/x.com\/UrePalma","https:\/\/www.instagram.com\/ure_palma\/"]}]}},"_links":{"self":[{"href":"http:\/\/urp.ctcaib.es\/en\/wp-json\/wp\/v2\/pages\/22"}],"collection":[{"href":"http:\/\/urp.ctcaib.es\/en\/wp-json\/wp\/v2\/pages"}],"about":[{"href":"http:\/\/urp.ctcaib.es\/en\/wp-json\/wp\/v2\/types\/page"}],"author":[{"embeddable":true,"href":"http:\/\/urp.ctcaib.es\/en\/wp-json\/wp\/v2\/users\/1"}],"replies":[{"embeddable":true,"href":"http:\/\/urp.ctcaib.es\/en\/wp-json\/wp\/v2\/comments?post=22"}],"version-history":[{"count":2,"href":"http:\/\/urp.ctcaib.es\/en\/wp-json\/wp\/v2\/pages\/22\/revisions"}],"predecessor-version":[{"id":404,"href":"http:\/\/urp.ctcaib.es\/en\/wp-json\/wp\/v2\/pages\/22\/revisions\/404"}],"wp:attachment":[{"href":"http:\/\/urp.ctcaib.es\/en\/wp-json\/wp\/v2\/media?parent=22"}],"curies":[{"name":"wp","href":"https:\/\/api.w.org\/{rel}","templated":true}]}}